
{"id":1352,"date":"2025-05-04T04:33:41","date_gmt":"2025-05-04T04:33:41","guid":{"rendered":"https:\/\/couponvintage.com\/fr\/?page_id=1352"},"modified":"2025-06-05T00:01:11","modified_gmt":"2025-06-05T00:01:11","slug":"imprimer","status":"publish","type":"page","link":"https:\/\/couponvintage.com\/fr\/imprimer\/","title":{"rendered":"Imprimer"},"content":{"rendered":"\n<p><strong>Op\u00e9rateur du site Web:<\/strong><br>Digit Pulse Pty Ltd<\/p>\n\n\n\n<p><strong>Adresse:<\/strong> Unit 10, 14\u201316 Weigand Avenue, Bankstown NSW 2200, Sydney, Australia<\/p>\n\n\n\n<p><strong>Responsable des communications:<\/strong> Jasmine Williams<\/p>\n\n\n\n<p><strong>Coordonn\u00e9es:<\/strong><br>\ud83d\udcde: <a href=\"tel:+61 414 573 000\" target=\"_blank\" rel=\"noreferrer noopener\">+61 414 573 000<\/a><br>\ud83d\udce7 E-mail: <a href=\"mailto:info@couponvintage.com\" target=\"_blank\" rel=\"noreferrer noopener nofollow\">info@couponvintage.com<\/a><br>\ud83c\udf10 Site web: <a href=\"https:\/\/couponvintage.com\/fr\/\" target=\"_blank\" rel=\"noreferrer noopener\">https:\/\/couponvintage.com\/fr\/<\/a><\/p>\n\n\n\n<p><strong>Num\u00e9ro d&#8217;enregistrement de l&#8217;entreprise:<\/strong>\u00a0678 995 009<\/p>\n\n\n\n<h3 class=\"wp-block-heading\">\u00c0 Propos de CouponVintage<\/h3>\n\n\n\n<p>CouponVintage est une plateforme num\u00e9rique d\u00e9di\u00e9e \u00e0 aider les utilisateurs \u00e0 \u00e9conomiser de l&#8217;argent gr\u00e2ce \u00e0 des codes promo \u00e0 jour, des offres exclusives et des r\u00e9ductions soigneusement s\u00e9lectionn\u00e9es. Notre mission est de rendre le shopping en ligne plus intelligent, plus simple et plus abordable en collectant des offres fiables provenant de marques et de d\u00e9taillants de confiance. Bien que nous nous efforcions de maintenir nos listes \u00e0 jour, la disponibilit\u00e9 des offres peut varier.<\/p>\n\n\n\n<h3 class=\"wp-block-heading\">Protection des Donn\u00e9es et Utilisation des Informations<\/h3>\n\n\n\n<p>Nous nous engageons \u00e0 traiter vos informations avec soin et responsabilit\u00e9. Les donn\u00e9es personnelles collect\u00e9es via les formulaires, abonnements ou demandes de renseignements ne sont utilis\u00e9es que dans le but pr\u00e9vu, comme r\u00e9pondre \u00e0 vos demandes ou vous envoyer du contenu promotionnel pertinent. Pour plus d\u2019informations, veuillez consulter notre page <a href=\"https:\/\/couponvintage.com\/fr\/politique-de-confidentialite\/\" target=\"_blank\" rel=\"noreferrer noopener nofollow\">Politique de confidentialit\u00e9<\/a>.<\/p>\n\n\n\n<h3 class=\"wp-block-heading\">Conditions d\u2019Utilisation et Avertissement Juridique<\/h3>\n\n\n\n<p>En utilisant CouponVintage, vous acceptez nos conditions. Toutes les offres partag\u00e9es sur CouponVintage sont susceptibles d\u2019\u00eatre modifi\u00e9es et peuvent \u00eatre r\u00e9gies par les politiques propres \u00e0 chaque boutique. Nous ne garantissons pas la disponibilit\u00e9 ni l\u2019exactitude des promotions propos\u00e9es par des tiers. Il incombe \u00e0 l\u2019utilisateur de v\u00e9rifier le prix final, les conditions ou la date d\u2019expiration de chaque offre directement sur la plateforme du vendeur.<\/p>\n","protected":false},"excerpt":{"rendered":"<p>Op\u00e9rateur du site Web:Digit Pulse Pty Ltd Adresse: Unit 10, 14\u201316 Weigand Avenue, Bankstown NSW 2200, Sydney, Australia Responsable des communications: Jasmine Williams Coordonn\u00e9es:\ud83d\udcde: +61 414 573 000\ud83d\udce7 E-mail: info@couponvintage.com\ud83c\udf10 Site web: https:\/\/couponvintage.com\/fr\/ Num\u00e9ro d&#8217;enregistrement de l&#8217;entreprise:\u00a0678 995 009 \u00c0 Propos de CouponVintage CouponVintage est une plateforme num\u00e9rique d\u00e9di\u00e9e \u00e0 aider les utilisateurs \u00e0 \u00e9conomiser [&hellip;]<\/p>\n","protected":false},"author":2,"featured_media":0,"parent":0,"menu_order":12,"comment_status":"closed","ping_status":"closed","template":"templates\/full-width.php","meta":{"_acf_changed":false,"footnotes":""},"class_list":["post-1352","page","type-page","status-publish","hentry"],"acf":[],"yoast_head":"<!-- This site is optimized with the Yoast SEO plugin v25.7 - https:\/\/yoast.com\/wordpress\/plugins\/seo\/ -->\n<title>Mentions l\u00e9gales | Informations et contact \u2013 CouponVintage<\/title>\n<meta name=\"description\" content=\"Consultez les mentions l\u00e9gales, infos de contact et d\u00e9tails importants sur CouponVintage. D\u00e9couvrez nos services et comment nous contacter.\" \/>\n<meta name=\"robots\" content=\"index, follow, max-snippet:-1, max-image-preview:large, max-video-preview:-1\" \/>\n<link rel=\"canonical\" href=\"https:\/\/couponvintage.com\/fr\/imprimer\/\" \/>\n<meta property=\"og:locale\" content=\"fr_FR\" \/>\n<meta property=\"og:type\" content=\"article\" \/>\n<meta property=\"og:title\" content=\"Mentions l\u00e9gales | Informations et contact \u2013 CouponVintage\" \/>\n<meta property=\"og:description\" content=\"Consultez les mentions l\u00e9gales, infos de contact et d\u00e9tails importants sur CouponVintage. D\u00e9couvrez nos services et comment nous contacter.\" \/>\n<meta property=\"og:url\" content=\"https:\/\/couponvintage.com\/fr\/imprimer\/\" \/>\n<meta property=\"og:site_name\" content=\"couponvintage.com\" \/>\n<meta property=\"article:modified_time\" content=\"2025-06-05T00:01:11+00:00\" \/>\n<meta name=\"twitter:card\" content=\"summary_large_image\" \/>\n<meta name=\"twitter:label1\" content=\"Dur\u00e9e de lecture estim\u00e9e\" \/>\n\t<meta name=\"twitter:data1\" content=\"2 minutes\" \/>\n<script type=\"application\/ld+json\" class=\"yoast-schema-graph\">{\"@context\":\"https:\/\/schema.org\",\"@graph\":[{\"@type\":\"WebPage\",\"@id\":\"https:\/\/couponvintage.com\/fr\/imprimer\/\",\"url\":\"https:\/\/couponvintage.com\/fr\/imprimer\/\",\"name\":\"Mentions l\u00e9gales | Informations et contact \u2013 CouponVintage\",\"isPartOf\":{\"@id\":\"https:\/\/couponvintage.com\/fr\/#website\"},\"datePublished\":\"2025-05-04T04:33:41+00:00\",\"dateModified\":\"2025-06-05T00:01:11+00:00\",\"description\":\"Consultez les mentions l\u00e9gales, infos de contact et d\u00e9tails importants sur CouponVintage. D\u00e9couvrez nos services et comment nous contacter.\",\"breadcrumb\":{\"@id\":\"https:\/\/couponvintage.com\/fr\/imprimer\/#breadcrumb\"},\"inLanguage\":\"fr-FR\",\"potentialAction\":[{\"@type\":\"ReadAction\",\"target\":[\"https:\/\/couponvintage.com\/fr\/imprimer\/\"]}]},{\"@type\":\"BreadcrumbList\",\"@id\":\"https:\/\/couponvintage.com\/fr\/imprimer\/#breadcrumb\",\"itemListElement\":[{\"@type\":\"ListItem\",\"position\":1,\"name\":\"Maison\",\"item\":\"https:\/\/couponvintage.com\/fr\/\"},{\"@type\":\"ListItem\",\"position\":2,\"name\":\"Imprimer\"}]},{\"@type\":\"WebSite\",\"@id\":\"https:\/\/couponvintage.com\/fr\/#website\",\"url\":\"https:\/\/couponvintage.com\/fr\/\",\"name\":\"couponvintage.com\",\"description\":\"\",\"publisher\":{\"@id\":\"https:\/\/couponvintage.com\/fr\/#organization\"},\"potentialAction\":[{\"@type\":\"SearchAction\",\"target\":{\"@type\":\"EntryPoint\",\"urlTemplate\":\"https:\/\/couponvintage.com\/fr\/?s={search_term_string}\"},\"query-input\":{\"@type\":\"PropertyValueSpecification\",\"valueRequired\":true,\"valueName\":\"search_term_string\"}}],\"inLanguage\":\"fr-FR\"},{\"@type\":\"Organization\",\"@id\":\"https:\/\/couponvintage.com\/fr\/#organization\",\"name\":\"couponvintage.com\",\"url\":\"https:\/\/couponvintage.com\/fr\/\",\"logo\":{\"@type\":\"ImageObject\",\"inLanguage\":\"fr-FR\",\"@id\":\"https:\/\/couponvintage.com\/fr\/#\/schema\/logo\/image\/\",\"url\":\"https:\/\/couponvintage.com\/fr\/wp-content\/uploads\/2025\/05\/40px-logo.png\",\"contentUrl\":\"https:\/\/couponvintage.com\/fr\/wp-content\/uploads\/2025\/05\/40px-logo.png\",\"width\":252,\"height\":133,\"caption\":\"couponvintage.com\"},\"image\":{\"@id\":\"https:\/\/couponvintage.com\/fr\/#\/schema\/logo\/image\/\"}}]}<\/script>\n<!-- \/ Yoast SEO plugin. -->","yoast_head_json":{"title":"Mentions l\u00e9gales | Informations et contact \u2013 CouponVintage","description":"Consultez les mentions l\u00e9gales, infos de contact et d\u00e9tails importants sur CouponVintage. D\u00e9couvrez nos services et comment nous contacter.","robots":{"index":"index","follow":"follow","max-snippet":"max-snippet:-1","max-image-preview":"max-image-preview:large","max-video-preview":"max-video-preview:-1"},"canonical":"https:\/\/couponvintage.com\/fr\/imprimer\/","og_locale":"fr_FR","og_type":"article","og_title":"Mentions l\u00e9gales | Informations et contact \u2013 CouponVintage","og_description":"Consultez les mentions l\u00e9gales, infos de contact et d\u00e9tails importants sur CouponVintage. D\u00e9couvrez nos services et comment nous contacter.","og_url":"https:\/\/couponvintage.com\/fr\/imprimer\/","og_site_name":"couponvintage.com","article_modified_time":"2025-06-05T00:01:11+00:00","twitter_card":"summary_large_image","twitter_misc":{"Dur\u00e9e de lecture estim\u00e9e":"2 minutes"},"schema":{"@context":"https:\/\/schema.org","@graph":[{"@type":"WebPage","@id":"https:\/\/couponvintage.com\/fr\/imprimer\/","url":"https:\/\/couponvintage.com\/fr\/imprimer\/","name":"Mentions l\u00e9gales | Informations et contact \u2013 CouponVintage","isPartOf":{"@id":"https:\/\/couponvintage.com\/fr\/#website"},"datePublished":"2025-05-04T04:33:41+00:00","dateModified":"2025-06-05T00:01:11+00:00","description":"Consultez les mentions l\u00e9gales, infos de contact et d\u00e9tails importants sur CouponVintage. D\u00e9couvrez nos services et comment nous contacter.","breadcrumb":{"@id":"https:\/\/couponvintage.com\/fr\/imprimer\/#breadcrumb"},"inLanguage":"fr-FR","potentialAction":[{"@type":"ReadAction","target":["https:\/\/couponvintage.com\/fr\/imprimer\/"]}]},{"@type":"BreadcrumbList","@id":"https:\/\/couponvintage.com\/fr\/imprimer\/#breadcrumb","itemListElement":[{"@type":"ListItem","position":1,"name":"Maison","item":"https:\/\/couponvintage.com\/fr\/"},{"@type":"ListItem","position":2,"name":"Imprimer"}]},{"@type":"WebSite","@id":"https:\/\/couponvintage.com\/fr\/#website","url":"https:\/\/couponvintage.com\/fr\/","name":"couponvintage.com","description":"","publisher":{"@id":"https:\/\/couponvintage.com\/fr\/#organization"},"potentialAction":[{"@type":"SearchAction","target":{"@type":"EntryPoint","urlTemplate":"https:\/\/couponvintage.com\/fr\/?s={search_term_string}"},"query-input":{"@type":"PropertyValueSpecification","valueRequired":true,"valueName":"search_term_string"}}],"inLanguage":"fr-FR"},{"@type":"Organization","@id":"https:\/\/couponvintage.com\/fr\/#organization","name":"couponvintage.com","url":"https:\/\/couponvintage.com\/fr\/","logo":{"@type":"ImageObject","inLanguage":"fr-FR","@id":"https:\/\/couponvintage.com\/fr\/#\/schema\/logo\/image\/","url":"https:\/\/couponvintage.com\/fr\/wp-content\/uploads\/2025\/05\/40px-logo.png","contentUrl":"https:\/\/couponvintage.com\/fr\/wp-content\/uploads\/2025\/05\/40px-logo.png","width":252,"height":133,"caption":"couponvintage.com"},"image":{"@id":"https:\/\/couponvintage.com\/fr\/#\/schema\/logo\/image\/"}}]}},"_links":{"self":[{"href":"https:\/\/couponvintage.com\/fr\/wp-json\/wp\/v2\/pages\/1352","targetHints":{"allow":["GET"]}}],"collection":[{"href":"https:\/\/couponvintage.com\/fr\/wp-json\/wp\/v2\/pages"}],"about":[{"href":"https:\/\/couponvintage.com\/fr\/wp-json\/wp\/v2\/types\/page"}],"author":[{"embeddable":true,"href":"https:\/\/couponvintage.com\/fr\/wp-json\/wp\/v2\/users\/2"}],"replies":[{"embeddable":true,"href":"https:\/\/couponvintage.com\/fr\/wp-json\/wp\/v2\/comments?post=1352"}],"version-history":[{"count":10,"href":"https:\/\/couponvintage.com\/fr\/wp-json\/wp\/v2\/pages\/1352\/revisions"}],"predecessor-version":[{"id":4584,"href":"https:\/\/couponvintage.com\/fr\/wp-json\/wp\/v2\/pages\/1352\/revisions\/4584"}],"wp:attachment":[{"href":"https:\/\/couponvintage.com\/fr\/wp-json\/wp\/v2\/media?parent=1352"}],"curies":[{"name":"wp","href":"https:\/\/api.w.org\/{rel}","templated":true}]}}