
{"id":1468,"date":"2025-05-04T12:37:45","date_gmt":"2025-05-04T12:37:45","guid":{"rendered":"https:\/\/couponvintage.com\/fr\/?page_id=1468"},"modified":"2025-06-03T08:02:54","modified_gmt":"2025-06-03T08:02:54","slug":"avis","status":"publish","type":"page","link":"https:\/\/couponvintage.com\/fr\/avis\/","title":{"rendered":"Avis"},"content":{"rendered":"\t\t<div data-elementor-type=\"wp-page\" data-elementor-id=\"1468\" class=\"elementor elementor-1468\" data-elementor-post-type=\"page\">\n\t\t\t\t<div class=\"elementor-element elementor-element-e964058 e-flex e-con-boxed e-con e-parent\" data-id=\"e964058\" data-element_type=\"container\">\n\t\t\t\t\t<div class=\"e-con-inner\">\n\t\t\t\t<div class=\"elementor-element elementor-element-53ff479 elementor-widget elementor-widget-heading\" data-id=\"53ff479\" data-element_type=\"widget\" data-widget_type=\"heading.default\">\n\t\t\t\t<div class=\"elementor-widget-container\">\n\t\t\t\t\t<h2 class=\"elementor-heading-title elementor-size-default\">Avis test\u00e9s<\/h2>\t\t\t\t<\/div>\n\t\t\t\t<\/div>\n\t\t\t\t\t<\/div>\n\t\t\t\t<\/div>\n\t\t<div class=\"elementor-element elementor-element-31b8a18 e-flex e-con-boxed e-con e-parent\" data-id=\"31b8a18\" data-element_type=\"container\">\n\t\t\t\t\t<div class=\"e-con-inner\">\n\t\t\t\t<div class=\"elementor-element elementor-element-c495e26 elementor-widget__width-inherit elementor-widget elementor-widget-jet-listing-grid\" data-id=\"c495e26\" data-element_type=\"widget\" data-settings=\"{&quot;columns&quot;:&quot;6&quot;,&quot;columns_mobile&quot;:&quot;3&quot;}\" data-widget_type=\"jet-listing-grid.default\">\n\t\t\t\t<div class=\"elementor-widget-container\">\n\t\t\t\t\t<div class=\"jet-listing-grid jet-listing\"><div class=\"jet-listing-grid__items grid-col-desk-6 grid-col-tablet-6 grid-col-mobile-3 jet-listing-grid--1763 grid-collapse-gap\" data-queried-id=\"1468|WP_Post\" data-nav=\"{&quot;enabled&quot;:false,&quot;type&quot;:null,&quot;more_el&quot;:null,&quot;query&quot;:[],&quot;widget_settings&quot;:{&quot;lisitng_id&quot;:1763,&quot;posts_num&quot;:20,&quot;columns&quot;:6,&quot;columns_tablet&quot;:6,&quot;columns_mobile&quot;:3,&quot;column_min_width&quot;:240,&quot;column_min_width_tablet&quot;:240,&quot;column_min_width_mobile&quot;:240,&quot;inline_columns_css&quot;:false,&quot;is_archive_template&quot;:&quot;&quot;,&quot;post_status&quot;:[&quot;publish&quot;],&quot;use_random_posts_num&quot;:&quot;&quot;,&quot;max_posts_num&quot;:9,&quot;not_found_message&quot;:&quot;No data was found&quot;,&quot;is_masonry&quot;:false,&quot;equal_columns_height&quot;:&quot;&quot;,&quot;use_load_more&quot;:&quot;&quot;,&quot;load_more_id&quot;:&quot;&quot;,&quot;load_more_type&quot;:&quot;click&quot;,&quot;load_more_offset&quot;:{&quot;unit&quot;:&quot;px&quot;,&quot;size&quot;:0,&quot;sizes&quot;:[]},&quot;use_custom_post_types&quot;:&quot;&quot;,&quot;custom_post_types&quot;:[],&quot;hide_widget_if&quot;:&quot;&quot;,&quot;carousel_enabled&quot;:&quot;&quot;,&quot;slides_to_scroll&quot;:&quot;1&quot;,&quot;arrows&quot;:&quot;true&quot;,&quot;arrow_icon&quot;:&quot;fa fa-angle-left&quot;,&quot;dots&quot;:&quot;&quot;,&quot;autoplay&quot;:&quot;true&quot;,&quot;pause_on_hover&quot;:&quot;true&quot;,&quot;autoplay_speed&quot;:5000,&quot;infinite&quot;:&quot;true&quot;,&quot;center_mode&quot;:&quot;&quot;,&quot;effect&quot;:&quot;slide&quot;,&quot;speed&quot;:500,&quot;inject_alternative_items&quot;:&quot;&quot;,&quot;injection_items&quot;:[],&quot;scroll_slider_enabled&quot;:&quot;&quot;,&quot;scroll_slider_on&quot;:[&quot;desktop&quot;,&quot;tablet&quot;,&quot;mobile&quot;],&quot;custom_query&quot;:false,&quot;custom_query_id&quot;:&quot;&quot;,&quot;_element_id&quot;:&quot;&quot;,&quot;collapse_first_last_gap&quot;:&quot;true&quot;,&quot;list_items_wrapper_tag&quot;:&quot;div&quot;,&quot;list_item_tag&quot;:&quot;div&quot;,&quot;empty_items_wrapper_tag&quot;:&quot;div&quot;}}\" data-page=\"1\" data-pages=\"1\" data-listing-source=\"terms\" data-listing-id=\"1763\" data-query-id=\"\"><div class=\"jet-listing-grid__item jet-listing-dynamic-post-163\" data-post-id=\"163\" ><style type=\"text\/css\">.jet-listing-dynamic-post-163 .elementor-element.elementor-element-b495798:not(.elementor-motion-effects-element-type-background), .jet-listing-dynamic-post-163 .elementor-element.elementor-element-b495798 > .elementor-motion-effects-container > .elementor-motion-effects-layer{background-image:url(\"https:\/\/couponvintage.com\/fr\/wp-content\/uploads\/2025\/05\/technology.jpg\");}<\/style><div class=\"jet-engine-listing-overlay-wrap\" data-url=\"https:\/\/couponvintage.com\/fr\/reviews-category\/technologie\/\">\t\t<div data-elementor-type=\"jet-listing-items\" data-elementor-id=\"1763\" class=\"elementor elementor-1763\" data-elementor-post-type=\"jet-engine\">\n\t\t\t\t<div class=\"elementor-element elementor-element-1ec0122 e-con-full e-flex e-con e-parent\" data-id=\"1ec0122\" data-element_type=\"container\">\n\t\t<div data-dce-background-color=\"#EEEEEE\" data-dce-background-image-url=\"https:\/\/couponvintage.com\/fr\/wp-content\/uploads\/2025\/05\/technology.jpg\" class=\"elementor-element elementor-element-b495798 e-con-full e-flex e-con e-child\" data-id=\"b495798\" data-element_type=\"container\" data-settings=\"{&quot;background_background&quot;:&quot;classic&quot;}\">\n\t\t\t\t<\/div>\n\t\t\t\t<div class=\"elementor-element elementor-element-a0d476a elementor-widget elementor-widget-heading\" data-id=\"a0d476a\" data-element_type=\"widget\" data-widget_type=\"heading.default\">\n\t\t\t\t<div class=\"elementor-widget-container\">\n\t\t\t\t\t<h2 class=\"elementor-heading-title elementor-size-default\">Technologie<\/h2>\t\t\t\t<\/div>\n\t\t\t\t<\/div>\n\t\t\t\t<\/div>\n\t\t\t\t<\/div>\n\t\t<a href=\"https:\/\/couponvintage.com\/fr\/reviews-category\/technologie\/\" class=\"jet-engine-listing-overlay-link\"><\/a><\/div><\/div><div class=\"jet-listing-grid__item jet-listing-dynamic-post-198\" data-post-id=\"198\" ><style type=\"text\/css\">.jet-listing-dynamic-post-198 .elementor-element.elementor-element-b495798:not(.elementor-motion-effects-element-type-background), .jet-listing-dynamic-post-198 .elementor-element.elementor-element-b495798 > .elementor-motion-effects-container > .elementor-motion-effects-layer{background-image:url(\"https:\/\/couponvintage.com\/fr\/wp-content\/uploads\/2025\/05\/fashion.jpg\");}<\/style><div class=\"jet-engine-listing-overlay-wrap\" data-url=\"https:\/\/couponvintage.com\/fr\/reviews-category\/mode-et-style\/\">\t\t<div data-elementor-type=\"jet-listing-items\" data-elementor-id=\"1763\" class=\"elementor elementor-1763\" data-elementor-post-type=\"jet-engine\">\n\t\t\t\t<div class=\"elementor-element elementor-element-1ec0122 e-con-full e-flex e-con e-parent\" data-id=\"1ec0122\" data-element_type=\"container\">\n\t\t<div data-dce-background-color=\"#EEEEEE\" data-dce-background-image-url=\"https:\/\/couponvintage.com\/fr\/wp-content\/uploads\/2025\/05\/fashion.jpg\" class=\"elementor-element elementor-element-b495798 e-con-full e-flex e-con e-child\" data-id=\"b495798\" data-element_type=\"container\" data-settings=\"{&quot;background_background&quot;:&quot;classic&quot;}\">\n\t\t\t\t<\/div>\n\t\t\t\t<div class=\"elementor-element elementor-element-a0d476a elementor-widget elementor-widget-heading\" data-id=\"a0d476a\" data-element_type=\"widget\" data-widget_type=\"heading.default\">\n\t\t\t\t<div class=\"elementor-widget-container\">\n\t\t\t\t\t<h2 class=\"elementor-heading-title elementor-size-default\">Mode et style<\/h2>\t\t\t\t<\/div>\n\t\t\t\t<\/div>\n\t\t\t\t<\/div>\n\t\t\t\t<\/div>\n\t\t<a href=\"https:\/\/couponvintage.com\/fr\/reviews-category\/mode-et-style\/\" class=\"jet-engine-listing-overlay-link\"><\/a><\/div><\/div><div class=\"jet-listing-grid__item jet-listing-dynamic-post-200\" data-post-id=\"200\" ><style type=\"text\/css\">.jet-listing-dynamic-post-200 .elementor-element.elementor-element-b495798:not(.elementor-motion-effects-element-type-background), .jet-listing-dynamic-post-200 .elementor-element.elementor-element-b495798 > .elementor-motion-effects-container > .elementor-motion-effects-layer{background-image:url(\"https:\/\/couponvintage.com\/fr\/wp-content\/uploads\/2025\/05\/home-and-decor.jpg\");}<\/style><div class=\"jet-engine-listing-overlay-wrap\" data-url=\"https:\/\/couponvintage.com\/fr\/reviews-category\/maison-et-decoration\/\">\t\t<div data-elementor-type=\"jet-listing-items\" data-elementor-id=\"1763\" class=\"elementor elementor-1763\" data-elementor-post-type=\"jet-engine\">\n\t\t\t\t<div class=\"elementor-element elementor-element-1ec0122 e-con-full e-flex e-con e-parent\" data-id=\"1ec0122\" data-element_type=\"container\">\n\t\t<div data-dce-background-color=\"#EEEEEE\" data-dce-background-image-url=\"https:\/\/couponvintage.com\/fr\/wp-content\/uploads\/2025\/05\/home-and-decor.jpg\" class=\"elementor-element elementor-element-b495798 e-con-full e-flex e-con e-child\" data-id=\"b495798\" data-element_type=\"container\" data-settings=\"{&quot;background_background&quot;:&quot;classic&quot;}\">\n\t\t\t\t<\/div>\n\t\t\t\t<div class=\"elementor-element elementor-element-a0d476a elementor-widget elementor-widget-heading\" data-id=\"a0d476a\" data-element_type=\"widget\" data-widget_type=\"heading.default\">\n\t\t\t\t<div class=\"elementor-widget-container\">\n\t\t\t\t\t<h2 class=\"elementor-heading-title elementor-size-default\">Maison et d\u00e9coration<\/h2>\t\t\t\t<\/div>\n\t\t\t\t<\/div>\n\t\t\t\t<\/div>\n\t\t\t\t<\/div>\n\t\t<a href=\"https:\/\/couponvintage.com\/fr\/reviews-category\/maison-et-decoration\/\" class=\"jet-engine-listing-overlay-link\"><\/a><\/div><\/div><\/div><\/div>\t\t\t\t<\/div>\n\t\t\t\t<\/div>\n\t\t\t\t\t<\/div>\n\t\t\t\t<\/div>\n\t\t\t\t<\/div>\n\t\t","protected":false},"excerpt":{"rendered":"<p>Avis test\u00e9s<\/p>\n","protected":false},"author":2,"featured_media":0,"parent":0,"menu_order":13,"comment_status":"closed","ping_status":"closed","template":"","meta":{"_acf_changed":false,"footnotes":""},"class_list":["post-1468","page","type-page","status-publish","hentry"],"acf":[],"yoast_head":"<!-- This site is optimized with the Yoast SEO plugin v25.7 - https:\/\/yoast.com\/wordpress\/plugins\/seo\/ -->\n<title>Avis d\u2019experts : Marques, tendances &amp; conseils<\/title>\n<meta name=\"description\" content=\"Lisez des avis d\u2019experts sur les marques, tendances et conseils utiles. Prenez des d\u00e9cisions \u00e9clair\u00e9es et trouvez les meilleures options.\" \/>\n<meta name=\"robots\" content=\"index, follow, max-snippet:-1, max-image-preview:large, max-video-preview:-1\" \/>\n<link rel=\"canonical\" href=\"https:\/\/couponvintage.com\/fr\/avis\/\" \/>\n<meta property=\"og:locale\" content=\"fr_FR\" \/>\n<meta property=\"og:type\" content=\"article\" \/>\n<meta property=\"og:title\" content=\"Avis d\u2019experts : Marques, tendances &amp; conseils\" \/>\n<meta property=\"og:description\" content=\"Lisez des avis d\u2019experts sur les marques, tendances et conseils utiles. Prenez des d\u00e9cisions \u00e9clair\u00e9es et trouvez les meilleures options.\" \/>\n<meta property=\"og:url\" content=\"https:\/\/couponvintage.com\/fr\/avis\/\" \/>\n<meta property=\"og:site_name\" content=\"couponvintage.com\" \/>\n<meta property=\"article:modified_time\" content=\"2025-06-03T08:02:54+00:00\" \/>\n<meta name=\"twitter:card\" content=\"summary_large_image\" \/>\n<meta name=\"twitter:label1\" content=\"Dur\u00e9e de lecture estim\u00e9e\" \/>\n\t<meta name=\"twitter:data1\" content=\"1 minute\" \/>\n<script type=\"application\/ld+json\" class=\"yoast-schema-graph\">{\"@context\":\"https:\/\/schema.org\",\"@graph\":[{\"@type\":\"WebPage\",\"@id\":\"https:\/\/couponvintage.com\/fr\/avis\/\",\"url\":\"https:\/\/couponvintage.com\/fr\/avis\/\",\"name\":\"Avis d\u2019experts : Marques, tendances & conseils\",\"isPartOf\":{\"@id\":\"https:\/\/couponvintage.com\/fr\/#website\"},\"datePublished\":\"2025-05-04T12:37:45+00:00\",\"dateModified\":\"2025-06-03T08:02:54+00:00\",\"description\":\"Lisez des avis d\u2019experts sur les marques, tendances et conseils utiles. Prenez des d\u00e9cisions \u00e9clair\u00e9es et trouvez les meilleures options.\",\"breadcrumb\":{\"@id\":\"https:\/\/couponvintage.com\/fr\/avis\/#breadcrumb\"},\"inLanguage\":\"fr-FR\",\"potentialAction\":[{\"@type\":\"ReadAction\",\"target\":[\"https:\/\/couponvintage.com\/fr\/avis\/\"]}]},{\"@type\":\"BreadcrumbList\",\"@id\":\"https:\/\/couponvintage.com\/fr\/avis\/#breadcrumb\",\"itemListElement\":[{\"@type\":\"ListItem\",\"position\":1,\"name\":\"Maison\",\"item\":\"https:\/\/couponvintage.com\/fr\/\"},{\"@type\":\"ListItem\",\"position\":2,\"name\":\"Avis\"}]},{\"@type\":\"WebSite\",\"@id\":\"https:\/\/couponvintage.com\/fr\/#website\",\"url\":\"https:\/\/couponvintage.com\/fr\/\",\"name\":\"couponvintage.com\",\"description\":\"\",\"publisher\":{\"@id\":\"https:\/\/couponvintage.com\/fr\/#organization\"},\"potentialAction\":[{\"@type\":\"SearchAction\",\"target\":{\"@type\":\"EntryPoint\",\"urlTemplate\":\"https:\/\/couponvintage.com\/fr\/?s={search_term_string}\"},\"query-input\":{\"@type\":\"PropertyValueSpecification\",\"valueRequired\":true,\"valueName\":\"search_term_string\"}}],\"inLanguage\":\"fr-FR\"},{\"@type\":\"Organization\",\"@id\":\"https:\/\/couponvintage.com\/fr\/#organization\",\"name\":\"couponvintage.com\",\"url\":\"https:\/\/couponvintage.com\/fr\/\",\"logo\":{\"@type\":\"ImageObject\",\"inLanguage\":\"fr-FR\",\"@id\":\"https:\/\/couponvintage.com\/fr\/#\/schema\/logo\/image\/\",\"url\":\"https:\/\/couponvintage.com\/fr\/wp-content\/uploads\/2025\/05\/40px-logo.png\",\"contentUrl\":\"https:\/\/couponvintage.com\/fr\/wp-content\/uploads\/2025\/05\/40px-logo.png\",\"width\":252,\"height\":133,\"caption\":\"couponvintage.com\"},\"image\":{\"@id\":\"https:\/\/couponvintage.com\/fr\/#\/schema\/logo\/image\/\"}}]}<\/script>\n<!-- \/ Yoast SEO plugin. -->","yoast_head_json":{"title":"Avis d\u2019experts : Marques, tendances & conseils","description":"Lisez des avis d\u2019experts sur les marques, tendances et conseils utiles. Prenez des d\u00e9cisions \u00e9clair\u00e9es et trouvez les meilleures options.","robots":{"index":"index","follow":"follow","max-snippet":"max-snippet:-1","max-image-preview":"max-image-preview:large","max-video-preview":"max-video-preview:-1"},"canonical":"https:\/\/couponvintage.com\/fr\/avis\/","og_locale":"fr_FR","og_type":"article","og_title":"Avis d\u2019experts : Marques, tendances & conseils","og_description":"Lisez des avis d\u2019experts sur les marques, tendances et conseils utiles. Prenez des d\u00e9cisions \u00e9clair\u00e9es et trouvez les meilleures options.","og_url":"https:\/\/couponvintage.com\/fr\/avis\/","og_site_name":"couponvintage.com","article_modified_time":"2025-06-03T08:02:54+00:00","twitter_card":"summary_large_image","twitter_misc":{"Dur\u00e9e de lecture estim\u00e9e":"1 minute"},"schema":{"@context":"https:\/\/schema.org","@graph":[{"@type":"WebPage","@id":"https:\/\/couponvintage.com\/fr\/avis\/","url":"https:\/\/couponvintage.com\/fr\/avis\/","name":"Avis d\u2019experts : Marques, tendances & conseils","isPartOf":{"@id":"https:\/\/couponvintage.com\/fr\/#website"},"datePublished":"2025-05-04T12:37:45+00:00","dateModified":"2025-06-03T08:02:54+00:00","description":"Lisez des avis d\u2019experts sur les marques, tendances et conseils utiles. Prenez des d\u00e9cisions \u00e9clair\u00e9es et trouvez les meilleures options.","breadcrumb":{"@id":"https:\/\/couponvintage.com\/fr\/avis\/#breadcrumb"},"inLanguage":"fr-FR","potentialAction":[{"@type":"ReadAction","target":["https:\/\/couponvintage.com\/fr\/avis\/"]}]},{"@type":"BreadcrumbList","@id":"https:\/\/couponvintage.com\/fr\/avis\/#breadcrumb","itemListElement":[{"@type":"ListItem","position":1,"name":"Maison","item":"https:\/\/couponvintage.com\/fr\/"},{"@type":"ListItem","position":2,"name":"Avis"}]},{"@type":"WebSite","@id":"https:\/\/couponvintage.com\/fr\/#website","url":"https:\/\/couponvintage.com\/fr\/","name":"couponvintage.com","description":"","publisher":{"@id":"https:\/\/couponvintage.com\/fr\/#organization"},"potentialAction":[{"@type":"SearchAction","target":{"@type":"EntryPoint","urlTemplate":"https:\/\/couponvintage.com\/fr\/?s={search_term_string}"},"query-input":{"@type":"PropertyValueSpecification","valueRequired":true,"valueName":"search_term_string"}}],"inLanguage":"fr-FR"},{"@type":"Organization","@id":"https:\/\/couponvintage.com\/fr\/#organization","name":"couponvintage.com","url":"https:\/\/couponvintage.com\/fr\/","logo":{"@type":"ImageObject","inLanguage":"fr-FR","@id":"https:\/\/couponvintage.com\/fr\/#\/schema\/logo\/image\/","url":"https:\/\/couponvintage.com\/fr\/wp-content\/uploads\/2025\/05\/40px-logo.png","contentUrl":"https:\/\/couponvintage.com\/fr\/wp-content\/uploads\/2025\/05\/40px-logo.png","width":252,"height":133,"caption":"couponvintage.com"},"image":{"@id":"https:\/\/couponvintage.com\/fr\/#\/schema\/logo\/image\/"}}]}},"_links":{"self":[{"href":"https:\/\/couponvintage.com\/fr\/wp-json\/wp\/v2\/pages\/1468","targetHints":{"allow":["GET"]}}],"collection":[{"href":"https:\/\/couponvintage.com\/fr\/wp-json\/wp\/v2\/pages"}],"about":[{"href":"https:\/\/couponvintage.com\/fr\/wp-json\/wp\/v2\/types\/page"}],"author":[{"embeddable":true,"href":"https:\/\/couponvintage.com\/fr\/wp-json\/wp\/v2\/users\/2"}],"replies":[{"embeddable":true,"href":"https:\/\/couponvintage.com\/fr\/wp-json\/wp\/v2\/comments?post=1468"}],"version-history":[{"count":47,"href":"https:\/\/couponvintage.com\/fr\/wp-json\/wp\/v2\/pages\/1468\/revisions"}],"predecessor-version":[{"id":3875,"href":"https:\/\/couponvintage.com\/fr\/wp-json\/wp\/v2\/pages\/1468\/revisions\/3875"}],"wp:attachment":[{"href":"https:\/\/couponvintage.com\/fr\/wp-json\/wp\/v2\/media?parent=1468"}],"curies":[{"name":"wp","href":"https:\/\/api.w.org\/{rel}","templated":true}]}}