
{"id":193,"date":"2021-07-03T12:11:12","date_gmt":"2021-07-03T12:11:12","guid":{"rendered":"https:\/\/www.couponthemes.live\/coupon-lite\/?page_id=193"},"modified":"2025-06-05T00:02:57","modified_gmt":"2025-06-05T00:02:57","slug":"a-propos-de-nous","status":"publish","type":"page","link":"https:\/\/couponvintage.com\/fr\/a-propos-de-nous\/","title":{"rendered":"\u00c0 propos de nous"},"content":{"rendered":"\n<hr class=\"wp-block-separator has-alpha-channel-opacity\"\/>\n\n\n\n<h2 class=\"wp-block-heading\">Bienvenue sur CouponVintage<\/h2>\n\n\n\n<p>Nous sommes ravis de vous accueillir ! Chez CouponVintage, notre passion est de vous aider \u00e0 d\u00e9couvrir des r\u00e9ductions incroyables et des offres exclusives de vos marques pr\u00e9f\u00e9r\u00e9es. Notre plateforme est con\u00e7ue pour rendre l\u2019\u00e9conomie d\u2019argent facile, pratique et fiable afin que vous puissiez acheter plus intelligemment \u00e0 chaque fois.<\/p>\n\n\n\n<h3 class=\"wp-block-heading\">Qui Nous Sommes<\/h3>\n\n\n\n<p>CouponVintage est votre plateforme en ligne d\u00e9di\u00e9e \u00e0 la d\u00e9couverte des meilleures r\u00e9ductions, codes promo et offres sp\u00e9ciales disponibles sur une large s\u00e9lection de marques et de d\u00e9taillants populaires. Notre mission est de vous aider \u00e0 \u00e9conomiser de l&#8217;argent sans effort en vous offrant un espace fiable et facile \u00e0 naviguer pour les derni\u00e8res offres.<\/p>\n\n\n\n<h3 class=\"wp-block-heading\">Ce Que Nous Faisons<\/h3>\n\n\n\n<p>Nous recueillons et s\u00e9lectionnons des codes promo et offres v\u00e9rifi\u00e9s provenant de sources de confiance afin de vous garantir un acc\u00e8s \u00e0 des \u00e9conomies l\u00e9gitimes et \u00e0 jour. Que vous achetiez de la mode, de l\u2019\u00e9lectronique, des produits essentiels pour la maison ou autre, CouponVintage vise \u00e0 simplifier votre recherche de bonnes affaires et \u00e0 vous proposer des offres exclusives en un seul endroit.<\/p>\n\n\n\n<h3 class=\"wp-block-heading\">Rencontrez Notre \u00c9quipe:<\/h3>\n\n\n\n<p>Derri\u00e8re CouponVintage se trouve un groupe d\u00e9vou\u00e9 de passionn\u00e9s de bons plans et d\u2019experts en shopping en ligne qui travaillent sans rel\u00e2che pour trouver, v\u00e9rifier et partager les meilleures offres disponibles. Nous nous engageons \u00e0 vous offrir une exp\u00e9rience fluide et des bons plans fiables qui ajoutent une vraie valeur \u00e0 votre parcours d&#8217;achat.<\/p>\n\n\n\n<h3 class=\"wp-block-heading\">Large Gamme de Marques:<\/h3>\n\n\n\n<p>Nous collaborons avec une grande vari\u00e9t\u00e9 de marques et marketplaces bien connues, notamment Adidas, Charles &amp; Keith, eBay et bien d\u2019autres. Cette s\u00e9lection diversifi\u00e9e garantit que, peu importe ce que vous recherchez, mode, gadgets ou produits du quotidien, vous trouverez ici des r\u00e9ductions et codes promo adapt\u00e9s.<\/p>\n\n\n\n<h3 class=\"wp-block-heading\">Notre Engagement<\/h3>\n\n\n\n<p>Chez CouponVintage, nous valorisons la pr\u00e9cision, la transparence et la satisfaction de l\u2019utilisateur. Bien que nous fassions tout notre possible pour maintenir nos offres \u00e0 jour, veuillez noter que les promotions sont g\u00e9r\u00e9es par les d\u00e9taillants eux-m\u00eames et peuvent \u00eatre modifi\u00e9es sans pr\u00e9avis. Nous vous recommandons de toujours v\u00e9rifier les d\u00e9tails de l\u2019offre sur le site du commer\u00e7ant avant tout achat.<\/p>\n\n\n\n<h3 class=\"wp-block-heading\">Pourquoi Nous Choisir<\/h3>\n\n\n\n<p>Avec de nombreux sites de coupons disponibles, CouponVintage se distingue en privil\u00e9giant la qualit\u00e9 plut\u00f4t que la quantit\u00e9, en proposant des offres s\u00e9lectionn\u00e9es qui fonctionnent. Notre plateforme est con\u00e7ue pour vous faire gagner du temps et de l\u2019\u00e9nergie, en vous aidant \u00e0 maximiser vos \u00e9conomies \u00e0 chaque achat en ligne.<\/p>\n\n\n\n<p>Pr\u00eat \u00e0 commencer \u00e0 \u00e9conomiser? <font style=\"vertical-align: inherit;\"><font style=\"vertical-align: inherit;\">Visitez notre <a href=\"https:\/\/couponvintage.com\/fr\/\" target=\"_blank\" rel=\"noreferrer noopener\">page d\u2019accueil<\/a> pour explorer les derni\u00e8res offres sur toutes nos meilleures marques et cat\u00e9gories. Vous pouvez facilement trouver ce que vous cherchez en parcourant nos sections <a href=\"https:\/\/couponvintage.com\/fr\/magasins\/\" target=\"_blank\" rel=\"noreferrer noopener\">Boutiques<\/a>, <a href=\"https:\/\/couponvintage.com\/fr\/categories\/\" target=\"_blank\" rel=\"noreferrer noopener\">Cat\u00e9gories<\/a>, <a href=\"https:\/\/couponvintage.com\/fr\/blogue\/\" target=\"_blank\" rel=\"noreferrer noopener\">Blogs<\/a> et <a href=\"https:\/\/couponvintage.com\/fr\/avis\/\" target=\"_blank\" rel=\"noreferrer noopener\">Avis<\/a>.<\/font><\/font><\/p>\n\n\n\n<h2 class=\"wp-block-heading\"><font style=\"vertical-align: inherit;\"><font style=\"vertical-align: inherit;\">Contact Us<\/font><\/font><\/h2>\n\n\n\n<p>Vous avez des questions ou souhaitez nous contacter ? N\u2019h\u00e9sitez pas \u00e0 cliquer ici ou \u00e0 nous envoyer un e-mail \u00e0 <a href=\"mailto:info@couponvintage.com\" target=\"_blank\" rel=\"noreferrer noopener nofollow\">info@couponvintage.com<\/a>. Nous serions ravis d\u2019avoir de vos nouvelles!<\/p>\n\n\n\n<p><\/p>\n","protected":false},"excerpt":{"rendered":"<p>Bienvenue sur CouponVintage Nous sommes ravis de vous accueillir ! Chez CouponVintage, notre passion est de vous aider \u00e0 d\u00e9couvrir des r\u00e9ductions incroyables et des offres exclusives de vos marques pr\u00e9f\u00e9r\u00e9es. Notre plateforme est con\u00e7ue pour rendre l\u2019\u00e9conomie d\u2019argent facile, pratique et fiable afin que vous puissiez acheter plus intelligemment \u00e0 chaque fois. Qui Nous [&hellip;]<\/p>\n","protected":false},"author":1,"featured_media":0,"parent":0,"menu_order":6,"comment_status":"closed","ping_status":"closed","template":"templates\/full-width.php","meta":{"_acf_changed":false,"footnotes":""},"class_list":["post-193","page","type-page","status-publish","hentry"],"acf":[],"yoast_head":"<!-- This site is optimized with the Yoast SEO plugin v25.7 - https:\/\/yoast.com\/wordpress\/plugins\/seo\/ -->\n<title>\u00c0 Propos de CouponVintage | Vos Bons Plans Shopping<\/title>\n<meta name=\"description\" content=\"Codes promo v\u00e9rifi\u00e9s, avis utiles et blogs tendance : CouponVintage vous aide \u00e0 \u00e9conomiser intelligemment sur vos marques pr\u00e9f\u00e9r\u00e9es.\" \/>\n<meta name=\"robots\" content=\"index, follow, max-snippet:-1, max-image-preview:large, max-video-preview:-1\" \/>\n<link rel=\"canonical\" href=\"https:\/\/couponvintage.com\/fr\/a-propos-de-nous\/\" \/>\n<meta property=\"og:locale\" content=\"fr_FR\" \/>\n<meta property=\"og:type\" content=\"article\" \/>\n<meta property=\"og:title\" content=\"\u00c0 Propos de CouponVintage | Vos Bons Plans Shopping\" \/>\n<meta property=\"og:description\" content=\"Codes promo v\u00e9rifi\u00e9s, avis utiles et blogs tendance : CouponVintage vous aide \u00e0 \u00e9conomiser intelligemment sur vos marques pr\u00e9f\u00e9r\u00e9es.\" \/>\n<meta property=\"og:url\" content=\"https:\/\/couponvintage.com\/fr\/a-propos-de-nous\/\" \/>\n<meta property=\"og:site_name\" content=\"couponvintage.com\" \/>\n<meta property=\"article:modified_time\" content=\"2025-06-05T00:02:57+00:00\" \/>\n<meta name=\"twitter:card\" content=\"summary_large_image\" \/>\n<meta name=\"twitter:label1\" content=\"Dur\u00e9e de lecture estim\u00e9e\" \/>\n\t<meta name=\"twitter:data1\" content=\"3 minutes\" \/>\n<script type=\"application\/ld+json\" class=\"yoast-schema-graph\">{\"@context\":\"https:\/\/schema.org\",\"@graph\":[{\"@type\":[\"WebPage\",\"AboutPage\"],\"@id\":\"https:\/\/couponvintage.com\/fr\/a-propos-de-nous\/\",\"url\":\"https:\/\/couponvintage.com\/fr\/a-propos-de-nous\/\",\"name\":\"\u00c0 Propos de CouponVintage | Vos Bons Plans Shopping\",\"isPartOf\":{\"@id\":\"https:\/\/couponvintage.com\/fr\/#website\"},\"datePublished\":\"2021-07-03T12:11:12+00:00\",\"dateModified\":\"2025-06-05T00:02:57+00:00\",\"description\":\"Codes promo v\u00e9rifi\u00e9s, avis utiles et blogs tendance : CouponVintage vous aide \u00e0 \u00e9conomiser intelligemment sur vos marques pr\u00e9f\u00e9r\u00e9es.\",\"breadcrumb\":{\"@id\":\"https:\/\/couponvintage.com\/fr\/a-propos-de-nous\/#breadcrumb\"},\"inLanguage\":\"fr-FR\",\"potentialAction\":[{\"@type\":\"ReadAction\",\"target\":[\"https:\/\/couponvintage.com\/fr\/a-propos-de-nous\/\"]}]},{\"@type\":\"BreadcrumbList\",\"@id\":\"https:\/\/couponvintage.com\/fr\/a-propos-de-nous\/#breadcrumb\",\"itemListElement\":[{\"@type\":\"ListItem\",\"position\":1,\"name\":\"Maison\",\"item\":\"https:\/\/couponvintage.com\/fr\/\"},{\"@type\":\"ListItem\",\"position\":2,\"name\":\"\u00c0 propos de nous\"}]},{\"@type\":\"WebSite\",\"@id\":\"https:\/\/couponvintage.com\/fr\/#website\",\"url\":\"https:\/\/couponvintage.com\/fr\/\",\"name\":\"couponvintage.com\",\"description\":\"\",\"publisher\":{\"@id\":\"https:\/\/couponvintage.com\/fr\/#organization\"},\"potentialAction\":[{\"@type\":\"SearchAction\",\"target\":{\"@type\":\"EntryPoint\",\"urlTemplate\":\"https:\/\/couponvintage.com\/fr\/?s={search_term_string}\"},\"query-input\":{\"@type\":\"PropertyValueSpecification\",\"valueRequired\":true,\"valueName\":\"search_term_string\"}}],\"inLanguage\":\"fr-FR\"},{\"@type\":\"Organization\",\"@id\":\"https:\/\/couponvintage.com\/fr\/#organization\",\"name\":\"couponvintage.com\",\"url\":\"https:\/\/couponvintage.com\/fr\/\",\"logo\":{\"@type\":\"ImageObject\",\"inLanguage\":\"fr-FR\",\"@id\":\"https:\/\/couponvintage.com\/fr\/#\/schema\/logo\/image\/\",\"url\":\"https:\/\/couponvintage.com\/fr\/wp-content\/uploads\/2025\/05\/40px-logo.png\",\"contentUrl\":\"https:\/\/couponvintage.com\/fr\/wp-content\/uploads\/2025\/05\/40px-logo.png\",\"width\":252,\"height\":133,\"caption\":\"couponvintage.com\"},\"image\":{\"@id\":\"https:\/\/couponvintage.com\/fr\/#\/schema\/logo\/image\/\"}}]}<\/script>\n<!-- \/ Yoast SEO plugin. -->","yoast_head_json":{"title":"\u00c0 Propos de CouponVintage | Vos Bons Plans Shopping","description":"Codes promo v\u00e9rifi\u00e9s, avis utiles et blogs tendance : CouponVintage vous aide \u00e0 \u00e9conomiser intelligemment sur vos marques pr\u00e9f\u00e9r\u00e9es.","robots":{"index":"index","follow":"follow","max-snippet":"max-snippet:-1","max-image-preview":"max-image-preview:large","max-video-preview":"max-video-preview:-1"},"canonical":"https:\/\/couponvintage.com\/fr\/a-propos-de-nous\/","og_locale":"fr_FR","og_type":"article","og_title":"\u00c0 Propos de CouponVintage | Vos Bons Plans Shopping","og_description":"Codes promo v\u00e9rifi\u00e9s, avis utiles et blogs tendance : CouponVintage vous aide \u00e0 \u00e9conomiser intelligemment sur vos marques pr\u00e9f\u00e9r\u00e9es.","og_url":"https:\/\/couponvintage.com\/fr\/a-propos-de-nous\/","og_site_name":"couponvintage.com","article_modified_time":"2025-06-05T00:02:57+00:00","twitter_card":"summary_large_image","twitter_misc":{"Dur\u00e9e de lecture estim\u00e9e":"3 minutes"},"schema":{"@context":"https:\/\/schema.org","@graph":[{"@type":["WebPage","AboutPage"],"@id":"https:\/\/couponvintage.com\/fr\/a-propos-de-nous\/","url":"https:\/\/couponvintage.com\/fr\/a-propos-de-nous\/","name":"\u00c0 Propos de CouponVintage | Vos Bons Plans Shopping","isPartOf":{"@id":"https:\/\/couponvintage.com\/fr\/#website"},"datePublished":"2021-07-03T12:11:12+00:00","dateModified":"2025-06-05T00:02:57+00:00","description":"Codes promo v\u00e9rifi\u00e9s, avis utiles et blogs tendance : CouponVintage vous aide \u00e0 \u00e9conomiser intelligemment sur vos marques pr\u00e9f\u00e9r\u00e9es.","breadcrumb":{"@id":"https:\/\/couponvintage.com\/fr\/a-propos-de-nous\/#breadcrumb"},"inLanguage":"fr-FR","potentialAction":[{"@type":"ReadAction","target":["https:\/\/couponvintage.com\/fr\/a-propos-de-nous\/"]}]},{"@type":"BreadcrumbList","@id":"https:\/\/couponvintage.com\/fr\/a-propos-de-nous\/#breadcrumb","itemListElement":[{"@type":"ListItem","position":1,"name":"Maison","item":"https:\/\/couponvintage.com\/fr\/"},{"@type":"ListItem","position":2,"name":"\u00c0 propos de nous"}]},{"@type":"WebSite","@id":"https:\/\/couponvintage.com\/fr\/#website","url":"https:\/\/couponvintage.com\/fr\/","name":"couponvintage.com","description":"","publisher":{"@id":"https:\/\/couponvintage.com\/fr\/#organization"},"potentialAction":[{"@type":"SearchAction","target":{"@type":"EntryPoint","urlTemplate":"https:\/\/couponvintage.com\/fr\/?s={search_term_string}"},"query-input":{"@type":"PropertyValueSpecification","valueRequired":true,"valueName":"search_term_string"}}],"inLanguage":"fr-FR"},{"@type":"Organization","@id":"https:\/\/couponvintage.com\/fr\/#organization","name":"couponvintage.com","url":"https:\/\/couponvintage.com\/fr\/","logo":{"@type":"ImageObject","inLanguage":"fr-FR","@id":"https:\/\/couponvintage.com\/fr\/#\/schema\/logo\/image\/","url":"https:\/\/couponvintage.com\/fr\/wp-content\/uploads\/2025\/05\/40px-logo.png","contentUrl":"https:\/\/couponvintage.com\/fr\/wp-content\/uploads\/2025\/05\/40px-logo.png","width":252,"height":133,"caption":"couponvintage.com"},"image":{"@id":"https:\/\/couponvintage.com\/fr\/#\/schema\/logo\/image\/"}}]}},"_links":{"self":[{"href":"https:\/\/couponvintage.com\/fr\/wp-json\/wp\/v2\/pages\/193","targetHints":{"allow":["GET"]}}],"collection":[{"href":"https:\/\/couponvintage.com\/fr\/wp-json\/wp\/v2\/pages"}],"about":[{"href":"https:\/\/couponvintage.com\/fr\/wp-json\/wp\/v2\/types\/page"}],"author":[{"embeddable":true,"href":"https:\/\/couponvintage.com\/fr\/wp-json\/wp\/v2\/users\/1"}],"replies":[{"embeddable":true,"href":"https:\/\/couponvintage.com\/fr\/wp-json\/wp\/v2\/comments?post=193"}],"version-history":[{"count":11,"href":"https:\/\/couponvintage.com\/fr\/wp-json\/wp\/v2\/pages\/193\/revisions"}],"predecessor-version":[{"id":4590,"href":"https:\/\/couponvintage.com\/fr\/wp-json\/wp\/v2\/pages\/193\/revisions\/4590"}],"wp:attachment":[{"href":"https:\/\/couponvintage.com\/fr\/wp-json\/wp\/v2\/media?parent=193"}],"curies":[{"name":"wp","href":"https:\/\/api.w.org\/{rel}","templated":true}]}}