
{"id":4594,"date":"2025-06-03T22:56:23","date_gmt":"2025-06-03T22:56:23","guid":{"rendered":"https:\/\/couponvintage.com\/fr\/?page_id=4594"},"modified":"2025-08-01T18:20:55","modified_gmt":"2025-08-01T18:20:55","slug":"non-responsabilite-affilie","status":"publish","type":"page","link":"https:\/\/couponvintage.com\/fr\/non-responsabilite-affilie\/","title":{"rendered":"Non Responsabilite Affilie"},"content":{"rendered":"\n<p>Chez CouponVintage, la transparence et la confiance sont au c\u0153ur de tout ce que nous faisons. Cette clause de non-responsabilit\u00e9 a pour but de vous informer sur la mani\u00e8re dont nous percevons des commissions et le r\u00f4le des liens d\u2019affiliation sur notre site.<\/p>\n\n\n\n<h3 class=\"wp-block-heading\">Comment Fonctionnent les Liens d\u2019Affiliation<\/h3>\n\n\n\n<p>CouponVintage pr\u00e9sente des codes promotionnels, offres et bons plans provenant de divers commer\u00e7ants en ligne. Plusieurs des liens que vous voyez sur notre site sont des liens d\u2019affiliation. Cela signifie que si vous cliquez sur un lien et effectuez un achat, nous pouvons percevoir une petite commission sans frais suppl\u00e9mentaires pour vous.<\/p>\n\n\n\n<h3 class=\"wp-block-heading\">Pourquoi Nous Utilisons des Liens d\u2019Affiliation<\/h3>\n\n\n\n<p>Les commissions d\u2019affiliation contribuent au fonctionnement et \u00e0 la maintenance de CouponVintage. Ces revenus nous permettent de continuer \u00e0 proposer des offres exclusives, actualis\u00e9es et de qualit\u00e9 sans jamais facturer nos utilisateurs. Notre priorit\u00e9 reste d\u2019offrir de la valeur \u00e0 nos visiteurs, ind\u00e9pendamment de toute compensation.<\/p>\n\n\n\n<h3 class=\"wp-block-heading\">Honn\u00eatet\u00e9 et Clart\u00e9<\/h3>\n\n\n\n<p>Nous nous engageons \u00e0 une transparence totale envers nos utilisateurs. Notre \u00e9quipe s\u00e9lectionne les offres et bons plans avec soin, en se basant sur leur qualit\u00e9, pertinence et avantage pour vous, et non sur les gains potentiels. Gagner votre confiance est plus important que gagner une commission.<\/p>\n\n\n\n<h3 class=\"wp-block-heading\">Vous Ne Payez Rien de Suppl\u00e9mentaire<\/h3>\n\n\n\n<p>L\u2019utilisation des liens d\u2019affiliation sur notre site n\u2019augmente pas le prix que vous payez. Que vous utilisiez nos liens ou non, le co\u00fbt du produit ou du service reste identique. Nous mettons souvent en avant des r\u00e9ductions exclusives qui vous permettent d\u2019\u00e9conomiser davantage.<\/p>\n\n\n\n<h2 class=\"wp-block-heading\">Contactez-Nous<\/h2>\n\n\n\n<p>Si vous avez des questions concernant cette clause de non-responsabilit\u00e9 ou souhaitez en savoir plus sur l\u2019utilisation des liens d\u2019affiliation sur CouponVintage, veuillez nous contacter \u00e0 l\u2019adresse suivante:<\/p>\n\n\n\n<p><a href=\"mailto:info@couponvintage.com\" target=\"_blank\" rel=\"noreferrer noopener nofollow\">info@couponvintage.com<\/a><\/p>\n\n\n\n<p><\/p>\n","protected":false},"excerpt":{"rendered":"<p>Chez CouponVintage, la transparence et la confiance sont au c\u0153ur de tout ce que nous faisons. Cette clause de non-responsabilit\u00e9 a pour but de vous informer sur la mani\u00e8re dont nous percevons des commissions et le r\u00f4le des liens d\u2019affiliation sur notre site. Comment Fonctionnent les Liens d\u2019Affiliation CouponVintage pr\u00e9sente des codes promotionnels, offres et [&hellip;]<\/p>\n","protected":false},"author":1,"featured_media":0,"parent":0,"menu_order":3,"comment_status":"closed","ping_status":"closed","template":"","meta":{"_acf_changed":false,"footnotes":""},"class_list":["post-4594","page","type-page","status-publish","hentry"],"acf":[],"yoast_head":"<!-- This site is optimized with the Yoast SEO plugin v25.7 - https:\/\/yoast.com\/wordpress\/plugins\/seo\/ -->\n<title>Clause d\u2019Affiliation CouponVintage \u2013 Transparence &amp; Divulgation<\/title>\n<meta name=\"description\" content=\"D\u00e9couvrez notre clause d\u2019affiliation et notre engagement pour un contenu honn\u00eate soutenu par des partenariats affili\u00e9s.\" \/>\n<meta name=\"robots\" content=\"index, follow, max-snippet:-1, max-image-preview:large, max-video-preview:-1\" \/>\n<link rel=\"canonical\" href=\"https:\/\/couponvintage.com\/fr\/non-responsabilite-affilie\/\" \/>\n<meta property=\"og:locale\" content=\"fr_FR\" \/>\n<meta property=\"og:type\" content=\"article\" \/>\n<meta property=\"og:title\" content=\"Clause d\u2019Affiliation CouponVintage \u2013 Transparence &amp; Divulgation\" \/>\n<meta property=\"og:description\" content=\"D\u00e9couvrez notre clause d\u2019affiliation et notre engagement pour un contenu honn\u00eate soutenu par des partenariats affili\u00e9s.\" \/>\n<meta property=\"og:url\" content=\"https:\/\/couponvintage.com\/fr\/non-responsabilite-affilie\/\" \/>\n<meta property=\"og:site_name\" content=\"couponvintage.com\" \/>\n<meta property=\"article:modified_time\" content=\"2025-08-01T18:20:55+00:00\" \/>\n<meta name=\"twitter:card\" content=\"summary_large_image\" \/>\n<meta name=\"twitter:label1\" content=\"Dur\u00e9e de lecture estim\u00e9e\" \/>\n\t<meta name=\"twitter:data1\" content=\"2 minutes\" \/>\n<script type=\"application\/ld+json\" class=\"yoast-schema-graph\">{\"@context\":\"https:\/\/schema.org\",\"@graph\":[{\"@type\":\"WebPage\",\"@id\":\"https:\/\/couponvintage.com\/fr\/non-responsabilite-affilie\/\",\"url\":\"https:\/\/couponvintage.com\/fr\/non-responsabilite-affilie\/\",\"name\":\"Clause d\u2019Affiliation CouponVintage \u2013 Transparence & Divulgation\",\"isPartOf\":{\"@id\":\"https:\/\/couponvintage.com\/fr\/#website\"},\"datePublished\":\"2025-06-03T22:56:23+00:00\",\"dateModified\":\"2025-08-01T18:20:55+00:00\",\"description\":\"D\u00e9couvrez notre clause d\u2019affiliation et notre engagement pour un contenu honn\u00eate soutenu par des partenariats affili\u00e9s.\",\"breadcrumb\":{\"@id\":\"https:\/\/couponvintage.com\/fr\/non-responsabilite-affilie\/#breadcrumb\"},\"inLanguage\":\"fr-FR\",\"potentialAction\":[{\"@type\":\"ReadAction\",\"target\":[\"https:\/\/couponvintage.com\/fr\/non-responsabilite-affilie\/\"]}]},{\"@type\":\"BreadcrumbList\",\"@id\":\"https:\/\/couponvintage.com\/fr\/non-responsabilite-affilie\/#breadcrumb\",\"itemListElement\":[{\"@type\":\"ListItem\",\"position\":1,\"name\":\"Maison\",\"item\":\"https:\/\/couponvintage.com\/fr\/\"},{\"@type\":\"ListItem\",\"position\":2,\"name\":\"Non Responsabilite Affilie\"}]},{\"@type\":\"WebSite\",\"@id\":\"https:\/\/couponvintage.com\/fr\/#website\",\"url\":\"https:\/\/couponvintage.com\/fr\/\",\"name\":\"couponvintage.com\",\"description\":\"\",\"publisher\":{\"@id\":\"https:\/\/couponvintage.com\/fr\/#organization\"},\"potentialAction\":[{\"@type\":\"SearchAction\",\"target\":{\"@type\":\"EntryPoint\",\"urlTemplate\":\"https:\/\/couponvintage.com\/fr\/?s={search_term_string}\"},\"query-input\":{\"@type\":\"PropertyValueSpecification\",\"valueRequired\":true,\"valueName\":\"search_term_string\"}}],\"inLanguage\":\"fr-FR\"},{\"@type\":\"Organization\",\"@id\":\"https:\/\/couponvintage.com\/fr\/#organization\",\"name\":\"couponvintage.com\",\"url\":\"https:\/\/couponvintage.com\/fr\/\",\"logo\":{\"@type\":\"ImageObject\",\"inLanguage\":\"fr-FR\",\"@id\":\"https:\/\/couponvintage.com\/fr\/#\/schema\/logo\/image\/\",\"url\":\"https:\/\/couponvintage.com\/fr\/wp-content\/uploads\/2025\/05\/40px-logo.png\",\"contentUrl\":\"https:\/\/couponvintage.com\/fr\/wp-content\/uploads\/2025\/05\/40px-logo.png\",\"width\":252,\"height\":133,\"caption\":\"couponvintage.com\"},\"image\":{\"@id\":\"https:\/\/couponvintage.com\/fr\/#\/schema\/logo\/image\/\"}}]}<\/script>\n<!-- \/ Yoast SEO plugin. -->","yoast_head_json":{"title":"Clause d\u2019Affiliation CouponVintage \u2013 Transparence & Divulgation","description":"D\u00e9couvrez notre clause d\u2019affiliation et notre engagement pour un contenu honn\u00eate soutenu par des partenariats affili\u00e9s.","robots":{"index":"index","follow":"follow","max-snippet":"max-snippet:-1","max-image-preview":"max-image-preview:large","max-video-preview":"max-video-preview:-1"},"canonical":"https:\/\/couponvintage.com\/fr\/non-responsabilite-affilie\/","og_locale":"fr_FR","og_type":"article","og_title":"Clause d\u2019Affiliation CouponVintage \u2013 Transparence & Divulgation","og_description":"D\u00e9couvrez notre clause d\u2019affiliation et notre engagement pour un contenu honn\u00eate soutenu par des partenariats affili\u00e9s.","og_url":"https:\/\/couponvintage.com\/fr\/non-responsabilite-affilie\/","og_site_name":"couponvintage.com","article_modified_time":"2025-08-01T18:20:55+00:00","twitter_card":"summary_large_image","twitter_misc":{"Dur\u00e9e de lecture estim\u00e9e":"2 minutes"},"schema":{"@context":"https:\/\/schema.org","@graph":[{"@type":"WebPage","@id":"https:\/\/couponvintage.com\/fr\/non-responsabilite-affilie\/","url":"https:\/\/couponvintage.com\/fr\/non-responsabilite-affilie\/","name":"Clause d\u2019Affiliation CouponVintage \u2013 Transparence & Divulgation","isPartOf":{"@id":"https:\/\/couponvintage.com\/fr\/#website"},"datePublished":"2025-06-03T22:56:23+00:00","dateModified":"2025-08-01T18:20:55+00:00","description":"D\u00e9couvrez notre clause d\u2019affiliation et notre engagement pour un contenu honn\u00eate soutenu par des partenariats affili\u00e9s.","breadcrumb":{"@id":"https:\/\/couponvintage.com\/fr\/non-responsabilite-affilie\/#breadcrumb"},"inLanguage":"fr-FR","potentialAction":[{"@type":"ReadAction","target":["https:\/\/couponvintage.com\/fr\/non-responsabilite-affilie\/"]}]},{"@type":"BreadcrumbList","@id":"https:\/\/couponvintage.com\/fr\/non-responsabilite-affilie\/#breadcrumb","itemListElement":[{"@type":"ListItem","position":1,"name":"Maison","item":"https:\/\/couponvintage.com\/fr\/"},{"@type":"ListItem","position":2,"name":"Non Responsabilite Affilie"}]},{"@type":"WebSite","@id":"https:\/\/couponvintage.com\/fr\/#website","url":"https:\/\/couponvintage.com\/fr\/","name":"couponvintage.com","description":"","publisher":{"@id":"https:\/\/couponvintage.com\/fr\/#organization"},"potentialAction":[{"@type":"SearchAction","target":{"@type":"EntryPoint","urlTemplate":"https:\/\/couponvintage.com\/fr\/?s={search_term_string}"},"query-input":{"@type":"PropertyValueSpecification","valueRequired":true,"valueName":"search_term_string"}}],"inLanguage":"fr-FR"},{"@type":"Organization","@id":"https:\/\/couponvintage.com\/fr\/#organization","name":"couponvintage.com","url":"https:\/\/couponvintage.com\/fr\/","logo":{"@type":"ImageObject","inLanguage":"fr-FR","@id":"https:\/\/couponvintage.com\/fr\/#\/schema\/logo\/image\/","url":"https:\/\/couponvintage.com\/fr\/wp-content\/uploads\/2025\/05\/40px-logo.png","contentUrl":"https:\/\/couponvintage.com\/fr\/wp-content\/uploads\/2025\/05\/40px-logo.png","width":252,"height":133,"caption":"couponvintage.com"},"image":{"@id":"https:\/\/couponvintage.com\/fr\/#\/schema\/logo\/image\/"}}]}},"_links":{"self":[{"href":"https:\/\/couponvintage.com\/fr\/wp-json\/wp\/v2\/pages\/4594","targetHints":{"allow":["GET"]}}],"collection":[{"href":"https:\/\/couponvintage.com\/fr\/wp-json\/wp\/v2\/pages"}],"about":[{"href":"https:\/\/couponvintage.com\/fr\/wp-json\/wp\/v2\/types\/page"}],"author":[{"embeddable":true,"href":"https:\/\/couponvintage.com\/fr\/wp-json\/wp\/v2\/users\/1"}],"replies":[{"embeddable":true,"href":"https:\/\/couponvintage.com\/fr\/wp-json\/wp\/v2\/comments?post=4594"}],"version-history":[{"count":4,"href":"https:\/\/couponvintage.com\/fr\/wp-json\/wp\/v2\/pages\/4594\/revisions"}],"predecessor-version":[{"id":5641,"href":"https:\/\/couponvintage.com\/fr\/wp-json\/wp\/v2\/pages\/4594\/revisions\/5641"}],"wp:attachment":[{"href":"https:\/\/couponvintage.com\/fr\/wp-json\/wp\/v2\/media?parent=4594"}],"curies":[{"name":"wp","href":"https:\/\/api.w.org\/{rel}","templated":true}]}}