
{"id":743,"date":"2024-06-25T08:10:14","date_gmt":"2024-06-25T08:10:14","guid":{"rendered":"https:\/\/www.couponthemes.live\/coupon-lite\/?page_id=3"},"modified":"2025-06-05T00:02:09","modified_gmt":"2025-06-05T00:02:09","slug":"politique-de-confidentialite","status":"publish","type":"page","link":"https:\/\/couponvintage.com\/fr\/politique-de-confidentialite\/","title":{"rendered":"politique de confidentialit\u00e9"},"content":{"rendered":"\n<p>Derni\u00e8re mise \u00e0 jour : 4 juin 2025<\/p>\n\n\n\n<p><font style=\"vertical-align: inherit;\"><font style=\"vertical-align: inherit;\">At <a href=\"https:\/\/couponvintage.com\/fr\/\" target=\"_blank\" rel=\"noreferrer noopener\">CouponVintage<\/a>, your privacy is our top priority. This Privacy Policy describes the types of personal information we may collect and how we use, share, and protect it. By using our website, you agree to the terms described in this policy.<\/font><\/font><\/p>\n\n\n\n<h3 class=\"wp-block-heading\">1. Ce Que Nous Collectons<\/h3>\n\n\n\n<p>Lorsque vous interagissez avec notre site web, que ce soit en vous inscrivant pour des offres, en nous contactant ou en envoyant des commentaires, nous pouvons collecter des informations basiques telles que:<\/p>\n\n\n\n<ul class=\"wp-block-list\">\n<li>Votre nom et votre adresse e-mail<\/li>\n\n\n\n<li>Tout message ou demande que vous nous envoyez<\/li>\n<\/ul>\n\n\n\n<p>Nous ne collectons que ce qui est n\u00e9cessaire pour am\u00e9liorer votre exp\u00e9rience avec CouponVintage.<\/p>\n\n\n\n<h3 class=\"wp-block-heading\">2. Comment Nous Utilisons Vos Informations<\/h3>\n\n\n\n<p>Nous utilisons les informations que vous partagez avec nous pour:<\/p>\n\n\n\n<ul class=\"wp-block-list\">\n<li>R\u00e9pondre \u00e0 vos questions ou demandes<\/li>\n\n\n\n<li>Partager des mises \u00e0 jour, des offres sp\u00e9ciales ou des newsletters auxquelles vous \u00eates abonn\u00e9<\/li>\n\n\n\n<li>Nous aider \u00e0 am\u00e9liorer nos services et \u00e0 comprendre vos pr\u00e9f\u00e9rences<\/li>\n<\/ul>\n\n\n\n<p>Votre vie priv\u00e9e compte. Nous utilisons vos informations uniquement aux fins auxquelles vous avez consenti.<\/p>\n\n\n\n<h3 class=\"wp-block-heading\">3. Qui Y A Acc\u00e8s<\/h3>\n\n\n\n<p>Vos donn\u00e9es personnelles ne sont jamais vendues ni \u00e9chang\u00e9es. Si nous travaillons avec des prestataires de services (par exemple pour la livraison d\u2019emails), ils ne re\u00e7oivent que les informations n\u00e9cessaires \u00e0 l\u2019ex\u00e9cution de leurs t\u00e2ches et sont tenus de les garder s\u00e9curis\u00e9es et confidentielles.<\/p>\n\n\n\n<h3 class=\"wp-block-heading\">4. Liens Vers des Sites Tiers<\/h3>\n\n\n\n<p>Notre site peut contenir des liens vers des sites externes, y compris des d\u00e9taillants et des partenaires affili\u00e9s. Nous ne sommes pas responsables des pratiques de confidentialit\u00e9 ou du contenu de ces sites. Nous vous recommandons de consulter leurs politiques de confidentialit\u00e9 avant de partager des donn\u00e9es personnelles.<\/p>\n\n\n\n<h3 class=\"wp-block-heading\">5. Vos Choix et Droits<\/h3>\n\n\n\n<p>Vous gardez toujours le contr\u00f4le de vos informations. \u00c0 tout moment, vous pouvez:<\/p>\n\n\n\n<ul class=\"wp-block-list\">\n<li>Nous demander quelles donn\u00e9es nous d\u00e9tenons \u00e0 votre sujet<\/li>\n\n\n\n<li>Demander des modifications ou corrections<\/li>\n\n\n\n<li>Vous d\u00e9sabonner des communications<\/li>\n\n\n\n<li>Nous demander de supprimer vos donn\u00e9es personnelles<\/li>\n<\/ul>\n\n\n\n<p>Il vous suffit de nous contacter pour faire une demande.<\/p>\n\n\n\n<h3 class=\"wp-block-heading\">6. Mises \u00e0 Jour de Cette Politique<\/h3>\n\n\n\n<p>Nous pouvons r\u00e9viser cette Politique de confidentialit\u00e9 de temps en temps pour refl\u00e9ter les mises \u00e0 jour de nos pratiques ou services. Tout changement sera publi\u00e9 sur cette page avec une nouvelle date de \u201cDerni\u00e8re mise \u00e0 jour\u201d en haut.<\/p>\n\n\n\n<h3 class=\"wp-block-heading\">7. Protection de Vos Informations<\/h3>\n\n\n\n<p>Nous prenons des mesures de s\u00e9curit\u00e9 appropri\u00e9es pour prot\u00e9ger vos donn\u00e9es personnelles contre tout acc\u00e8s ou divulgation non autoris\u00e9. Bien qu\u2019aucun syst\u00e8me ne soit totalement \u00e0 l\u2019abri des risques, nous faisons tout notre possible pour garder vos informations en s\u00e9curit\u00e9.<\/p>\n\n\n\n<h3 class=\"wp-block-heading\">8. Conservation des Donn\u00e9es<\/h3>\n\n\n\n<p>Nous ne conservons vos informations personnelles que le temps n\u00e9cessaire pour atteindre les objectifs d\u00e9crits dans cette politique, sauf si une p\u00e9riode plus longue est requise ou permise par la loi. Lorsqu\u2019elles ne sont plus n\u00e9cessaires, nous supprimons ou anonymisons les donn\u00e9es de mani\u00e8re s\u00e9curis\u00e9e.<\/p>\n\n\n\n<h3 class=\"wp-block-heading\">9. Confidentialit\u00e9 des Enfants<\/h3>\n\n\n\n<p>Notre site web n\u2019est pas destin\u00e9 aux enfants de moins de 13 ans, et nous ne collectons pas sciemment de donn\u00e9es personnelles les concernant.<\/p>\n\n\n\n<h3 class=\"wp-block-heading\">10. Politique sur les Cookies<\/h3>\n\n\n\n<p><font style=\"vertical-align: inherit;\"><font style=\"vertical-align: inherit;\">To improve your browsing experience and provide personalized content, we use cookies and similar tracking technologies. Cookies help us remember your preferences, analyze site traffic, and measure the effectiveness of affiliate links and marketing efforts.<\/font><\/font><\/p>\n\n\n\n<p>En utilisant notre site, vous consentez \u00e0 l\u2019installation de ces cookies sur votre appareil, sauf si vous les d\u00e9sactivez via les param\u00e8tres de votre navigateur. Notez que la d\u00e9sactivation des cookies peut affecter certaines fonctionnalit\u00e9s de notre site.<\/p>\n\n\n\n<h2 class=\"wp-block-heading\">Contactez-Nous<\/h2>\n\n\n\n<p>Des questions concernant votre vie priv\u00e9e ou cette politique? Contactez-nous, nous sommes l\u00e0 pour vous aider.<\/p>\n\n\n\n<p>Email: <a href=\"mailto:info@couponvintage.com\" target=\"_blank\" rel=\"noreferrer noopener nofollow\">info@couponvintage.com<\/a><\/p>\n\n\n\n<p><\/p>\n","protected":false},"excerpt":{"rendered":"<p>Derni\u00e8re mise \u00e0 jour : 4 juin 2025 At CouponVintage, your privacy is our top priority. This Privacy Policy describes the types of personal information we may collect and how we use, share, and protect it. By using our website, you agree to the terms described in this policy. 1. Ce Que Nous Collectons Lorsque [&hellip;]<\/p>\n","protected":false},"author":1,"featured_media":0,"parent":0,"menu_order":10,"comment_status":"closed","ping_status":"closed","template":"","meta":{"_acf_changed":false,"footnotes":""},"class_list":["post-743","page","type-page","status-publish","hentry"],"acf":[],"yoast_head":"<!-- This site is optimized with the Yoast SEO plugin v25.7 - https:\/\/yoast.com\/wordpress\/plugins\/seo\/ -->\n<title>Politique de Confidentialit\u00e9 | Bons Plans &amp; R\u00e9ductions<\/title>\n<meta name=\"description\" content=\"D\u00e9couvrez comment nous prot\u00e9geons vos donn\u00e9es tout en explorant des coupons, promos, offres, avis et astuces pour \u00e9conomiser chaque jour.\" \/>\n<meta name=\"robots\" content=\"index, follow, max-snippet:-1, max-image-preview:large, max-video-preview:-1\" \/>\n<link rel=\"canonical\" href=\"https:\/\/couponvintage.com\/fr\/politique-de-confidentialite\/\" \/>\n<meta property=\"og:locale\" content=\"fr_FR\" \/>\n<meta property=\"og:type\" content=\"article\" \/>\n<meta property=\"og:title\" content=\"Politique de Confidentialit\u00e9 | Bons Plans &amp; R\u00e9ductions\" \/>\n<meta property=\"og:description\" content=\"D\u00e9couvrez comment nous prot\u00e9geons vos donn\u00e9es tout en explorant des coupons, promos, offres, avis et astuces pour \u00e9conomiser chaque jour.\" \/>\n<meta property=\"og:url\" content=\"https:\/\/couponvintage.com\/fr\/politique-de-confidentialite\/\" \/>\n<meta property=\"og:site_name\" content=\"couponvintage.com\" \/>\n<meta property=\"article:modified_time\" content=\"2025-06-05T00:02:09+00:00\" \/>\n<meta name=\"twitter:card\" content=\"summary_large_image\" \/>\n<meta name=\"twitter:label1\" content=\"Dur\u00e9e de lecture estim\u00e9e\" \/>\n\t<meta name=\"twitter:data1\" content=\"4 minutes\" \/>\n<script type=\"application\/ld+json\" class=\"yoast-schema-graph\">{\"@context\":\"https:\/\/schema.org\",\"@graph\":[{\"@type\":\"WebPage\",\"@id\":\"https:\/\/couponvintage.com\/fr\/politique-de-confidentialite\/\",\"url\":\"https:\/\/couponvintage.com\/fr\/politique-de-confidentialite\/\",\"name\":\"Politique de Confidentialit\u00e9 | Bons Plans & R\u00e9ductions\",\"isPartOf\":{\"@id\":\"https:\/\/couponvintage.com\/fr\/#website\"},\"datePublished\":\"2024-06-25T08:10:14+00:00\",\"dateModified\":\"2025-06-05T00:02:09+00:00\",\"description\":\"D\u00e9couvrez comment nous prot\u00e9geons vos donn\u00e9es tout en explorant des coupons, promos, offres, avis et astuces pour \u00e9conomiser chaque jour.\",\"breadcrumb\":{\"@id\":\"https:\/\/couponvintage.com\/fr\/politique-de-confidentialite\/#breadcrumb\"},\"inLanguage\":\"fr-FR\",\"potentialAction\":[{\"@type\":\"ReadAction\",\"target\":[\"https:\/\/couponvintage.com\/fr\/politique-de-confidentialite\/\"]}]},{\"@type\":\"BreadcrumbList\",\"@id\":\"https:\/\/couponvintage.com\/fr\/politique-de-confidentialite\/#breadcrumb\",\"itemListElement\":[{\"@type\":\"ListItem\",\"position\":1,\"name\":\"Maison\",\"item\":\"https:\/\/couponvintage.com\/fr\/\"},{\"@type\":\"ListItem\",\"position\":2,\"name\":\"politique de confidentialit\u00e9\"}]},{\"@type\":\"WebSite\",\"@id\":\"https:\/\/couponvintage.com\/fr\/#website\",\"url\":\"https:\/\/couponvintage.com\/fr\/\",\"name\":\"couponvintage.com\",\"description\":\"\",\"publisher\":{\"@id\":\"https:\/\/couponvintage.com\/fr\/#organization\"},\"potentialAction\":[{\"@type\":\"SearchAction\",\"target\":{\"@type\":\"EntryPoint\",\"urlTemplate\":\"https:\/\/couponvintage.com\/fr\/?s={search_term_string}\"},\"query-input\":{\"@type\":\"PropertyValueSpecification\",\"valueRequired\":true,\"valueName\":\"search_term_string\"}}],\"inLanguage\":\"fr-FR\"},{\"@type\":\"Organization\",\"@id\":\"https:\/\/couponvintage.com\/fr\/#organization\",\"name\":\"couponvintage.com\",\"url\":\"https:\/\/couponvintage.com\/fr\/\",\"logo\":{\"@type\":\"ImageObject\",\"inLanguage\":\"fr-FR\",\"@id\":\"https:\/\/couponvintage.com\/fr\/#\/schema\/logo\/image\/\",\"url\":\"https:\/\/couponvintage.com\/fr\/wp-content\/uploads\/2025\/05\/40px-logo.png\",\"contentUrl\":\"https:\/\/couponvintage.com\/fr\/wp-content\/uploads\/2025\/05\/40px-logo.png\",\"width\":252,\"height\":133,\"caption\":\"couponvintage.com\"},\"image\":{\"@id\":\"https:\/\/couponvintage.com\/fr\/#\/schema\/logo\/image\/\"}}]}<\/script>\n<!-- \/ Yoast SEO plugin. -->","yoast_head_json":{"title":"Politique de Confidentialit\u00e9 | Bons Plans & R\u00e9ductions","description":"D\u00e9couvrez comment nous prot\u00e9geons vos donn\u00e9es tout en explorant des coupons, promos, offres, avis et astuces pour \u00e9conomiser chaque jour.","robots":{"index":"index","follow":"follow","max-snippet":"max-snippet:-1","max-image-preview":"max-image-preview:large","max-video-preview":"max-video-preview:-1"},"canonical":"https:\/\/couponvintage.com\/fr\/politique-de-confidentialite\/","og_locale":"fr_FR","og_type":"article","og_title":"Politique de Confidentialit\u00e9 | Bons Plans & R\u00e9ductions","og_description":"D\u00e9couvrez comment nous prot\u00e9geons vos donn\u00e9es tout en explorant des coupons, promos, offres, avis et astuces pour \u00e9conomiser chaque jour.","og_url":"https:\/\/couponvintage.com\/fr\/politique-de-confidentialite\/","og_site_name":"couponvintage.com","article_modified_time":"2025-06-05T00:02:09+00:00","twitter_card":"summary_large_image","twitter_misc":{"Dur\u00e9e de lecture estim\u00e9e":"4 minutes"},"schema":{"@context":"https:\/\/schema.org","@graph":[{"@type":"WebPage","@id":"https:\/\/couponvintage.com\/fr\/politique-de-confidentialite\/","url":"https:\/\/couponvintage.com\/fr\/politique-de-confidentialite\/","name":"Politique de Confidentialit\u00e9 | Bons Plans & R\u00e9ductions","isPartOf":{"@id":"https:\/\/couponvintage.com\/fr\/#website"},"datePublished":"2024-06-25T08:10:14+00:00","dateModified":"2025-06-05T00:02:09+00:00","description":"D\u00e9couvrez comment nous prot\u00e9geons vos donn\u00e9es tout en explorant des coupons, promos, offres, avis et astuces pour \u00e9conomiser chaque jour.","breadcrumb":{"@id":"https:\/\/couponvintage.com\/fr\/politique-de-confidentialite\/#breadcrumb"},"inLanguage":"fr-FR","potentialAction":[{"@type":"ReadAction","target":["https:\/\/couponvintage.com\/fr\/politique-de-confidentialite\/"]}]},{"@type":"BreadcrumbList","@id":"https:\/\/couponvintage.com\/fr\/politique-de-confidentialite\/#breadcrumb","itemListElement":[{"@type":"ListItem","position":1,"name":"Maison","item":"https:\/\/couponvintage.com\/fr\/"},{"@type":"ListItem","position":2,"name":"politique de confidentialit\u00e9"}]},{"@type":"WebSite","@id":"https:\/\/couponvintage.com\/fr\/#website","url":"https:\/\/couponvintage.com\/fr\/","name":"couponvintage.com","description":"","publisher":{"@id":"https:\/\/couponvintage.com\/fr\/#organization"},"potentialAction":[{"@type":"SearchAction","target":{"@type":"EntryPoint","urlTemplate":"https:\/\/couponvintage.com\/fr\/?s={search_term_string}"},"query-input":{"@type":"PropertyValueSpecification","valueRequired":true,"valueName":"search_term_string"}}],"inLanguage":"fr-FR"},{"@type":"Organization","@id":"https:\/\/couponvintage.com\/fr\/#organization","name":"couponvintage.com","url":"https:\/\/couponvintage.com\/fr\/","logo":{"@type":"ImageObject","inLanguage":"fr-FR","@id":"https:\/\/couponvintage.com\/fr\/#\/schema\/logo\/image\/","url":"https:\/\/couponvintage.com\/fr\/wp-content\/uploads\/2025\/05\/40px-logo.png","contentUrl":"https:\/\/couponvintage.com\/fr\/wp-content\/uploads\/2025\/05\/40px-logo.png","width":252,"height":133,"caption":"couponvintage.com"},"image":{"@id":"https:\/\/couponvintage.com\/fr\/#\/schema\/logo\/image\/"}}]}},"_links":{"self":[{"href":"https:\/\/couponvintage.com\/fr\/wp-json\/wp\/v2\/pages\/743","targetHints":{"allow":["GET"]}}],"collection":[{"href":"https:\/\/couponvintage.com\/fr\/wp-json\/wp\/v2\/pages"}],"about":[{"href":"https:\/\/couponvintage.com\/fr\/wp-json\/wp\/v2\/types\/page"}],"author":[{"embeddable":true,"href":"https:\/\/couponvintage.com\/fr\/wp-json\/wp\/v2\/users\/1"}],"replies":[{"embeddable":true,"href":"https:\/\/couponvintage.com\/fr\/wp-json\/wp\/v2\/comments?post=743"}],"version-history":[{"count":9,"href":"https:\/\/couponvintage.com\/fr\/wp-json\/wp\/v2\/pages\/743\/revisions"}],"predecessor-version":[{"id":4580,"href":"https:\/\/couponvintage.com\/fr\/wp-json\/wp\/v2\/pages\/743\/revisions\/4580"}],"wp:attachment":[{"href":"https:\/\/couponvintage.com\/fr\/wp-json\/wp\/v2\/media?parent=743"}],"curies":[{"name":"wp","href":"https:\/\/api.w.org\/{rel}","templated":true}]}}