

{"id":743,"date":"2024-06-25T08:10:14","date_gmt":"2024-06-25T08:10:14","guid":{"rendered":"https:\/\/www.couponthemes.live\/coupon-lite\/?page_id=3"},"modified":"2025-06-03T23:23:01","modified_gmt":"2025-06-03T23:23:01","slug":"polityka-prywatnosci","status":"publish","type":"page","link":"https:\/\/couponvintage.com\/pl\/polityka-prywatnosci\/","title":{"rendered":"Polityka Prywatno\u015bci"},"content":{"rendered":"\n<p>Ostatnia Aktualizacja: 4 czerwca 2025 r<\/p>\n\n\n\n<p>W <a href=\"https:\/\/couponvintage.com\/pl\/\" target=\"_blank\" rel=\"noreferrer noopener\">CouponVintage<\/a> Twoja prywatno\u015b\u0107 jest naszym najwy\u017cszym priorytetem. Niniejsza Polityka Prywatno\u015bci opisuje, jakie rodzaje danych osobowych mo\u017cemy zbiera\u0107 oraz w jaki spos\u00f3b je wykorzystujemy, udost\u0119pniamy i chronimy. Korzystaj\u0105c z naszej strony internetowej, akceptujesz warunki okre\u015blone w tej polityce.<\/p>\n\n\n\n<h3 class=\"wp-block-heading\">1. Jakie Dane Zbieramy<\/h3>\n\n\n\n<p>Podczas interakcji z nasz\u0105 stron\u0105, czy to zapisuj\u0105c si\u0119 na oferty, kontaktuj\u0105c si\u0119 z nami, czy przesy\u0142aj\u0105c opinie, mo\u017cemy zbiera\u0107 podstawowe informacje, takie jak:<\/p>\n\n\n\n<ul class=\"wp-block-list\">\n<li>Twoje imi\u0119 i adres e-mail<br><\/li>\n\n\n\n<li>Ka\u017cda wiadomo\u015b\u0107 lub zapytanie, kt\u00f3re do nas prze\u015blesz<br><\/li>\n<\/ul>\n\n\n\n<p>Zbieramy wy\u0142\u0105cznie te dane, kt\u00f3re s\u0105 niezb\u0119dne, aby zapewni\u0107 Ci jak najlepsze do\u015bwiadczenie na CouponVintage.<br><\/p>\n\n\n\n<h3 class=\"wp-block-heading\">2. Jak Wykorzystujemy Twoje Dane<\/h3>\n\n\n\n<p>Dane, kt\u00f3re nam przekazujesz, wykorzystujemy w celu:<\/p>\n\n\n\n<ul class=\"wp-block-list\">\n<li>Odpowiedzi na Twoje pytania i zapytania<br><\/li>\n\n\n\n<li>Wysy\u0142ania aktualizacji, ofert specjalnych lub newsletter\u00f3w, na kt\u00f3re si\u0119 zapisa\u0142e\u015b\/a\u015b<br><\/li>\n\n\n\n<li>Udoskonalania naszych us\u0142ug i lepszego poznania Twoich preferencji<br><\/li>\n<\/ul>\n\n\n\n<p>Twoja prywatno\u015b\u0107 jest dla nas wa\u017cna. Wykorzystujemy Twoje dane wy\u0142\u0105cznie w celach, na kt\u00f3re wyrazi\u0142e\u015b\/\u0142a\u015b zgod\u0119.<br><\/p>\n\n\n\n<h3 class=\"wp-block-heading\">3. Kto ma Dost\u0119p<\/h3>\n\n\n\n<p>Twoje dane osobowe nigdy nie s\u0105 sprzedawane ani wymieniane. Je\u015bli wsp\u00f3\u0142pracujemy z dostawcami us\u0142ug (np. w celu wysy\u0142ki e-maili), otrzymuj\u0105 oni wy\u0142\u0105cznie niezb\u0119dne informacje i s\u0105 zobowi\u0105zani do zachowania ich w poufno\u015bci i bezpiecze\u0144stwie.<br><\/p>\n\n\n\n<h3 class=\"wp-block-heading\">4. Linki Zewn\u0119trzne<\/h3>\n\n\n\n<p>Nasza strona mo\u017ce zawiera\u0107 linki do zewn\u0119trznych witryn, w tym detalist\u00f3w i partner\u00f3w afiliacyjnych. Nie ponosimy odpowiedzialno\u015bci za praktyki dotycz\u0105ce prywatno\u015bci ani tre\u015bci tych stron. Zalecamy zapoznanie si\u0119 z ich politykami prywatno\u015bci przed udost\u0119pnieniem jakichkolwiek danych osobowych.<br><\/p>\n\n\n\n<h3 class=\"wp-block-heading\">5. Twoje Wybory i Prawa<\/h3>\n\n\n\n<p>Zawsze masz kontrol\u0119 nad swoimi danymi. W ka\u017cdej chwili mo\u017cesz:<\/p>\n\n\n\n<ul class=\"wp-block-list\">\n<li>Poprosi\u0107 o informacje, jakie dane przechowujemy na Tw\u00f3j temat<br><\/li>\n\n\n\n<li>Za\u017c\u0105da\u0107 zmiany lub korekty danych<br><\/li>\n\n\n\n<li>Wypisa\u0107 si\u0119 z komunikacji<br><\/li>\n\n\n\n<li>Za\u017c\u0105da\u0107 usuni\u0119cia swoich danych osobowych<br><\/li>\n<\/ul>\n\n\n\n<p>Skontaktuj si\u0119 z nami, aby z\u0142o\u017cy\u0107 stosown\u0105 pro\u015bb\u0119.<br><\/p>\n\n\n\n<h3 class=\"wp-block-heading\">6. Aktualizacje Polityki<\/h3>\n\n\n\n<p>Od czasu do czasu mo\u017cemy aktualizowa\u0107 niniejsz\u0105 Polityk\u0119 Prywatno\u015bci, aby odzwierciedli\u0107 zmiany w naszych praktykach lub us\u0142ugach. Wszelkie zmiany zostan\u0105 opublikowane na tej stronie z now\u0105 dat\u0105 \u201eOstatnia aktualizacja\u201d na g\u00f3rze.<br><\/p>\n\n\n\n<h3 class=\"wp-block-heading\">7. Ochrona Twoich Danych<\/h3>\n\n\n\n<p>Podejmujemy odpowiednie kroki bezpiecze\u0144stwa, aby chroni\u0107 Twoje dane osobowe przed nieautoryzowanym dost\u0119pem lub ujawnieniem. Cho\u0107 \u017caden system nie jest ca\u0142kowicie wolny od ryzyka, dok\u0142adamy wszelkich stara\u0144, aby Twoje informacje by\u0142y bezpieczne.<br><\/p>\n\n\n\n<h3 class=\"wp-block-heading\">8. Przechowywanie Danych<\/h3>\n\n\n\n<p>Przechowujemy Twoje dane osobowe tylko przez okres niezb\u0119dny do realizacji cel\u00f3w opisanych w tej polityce, chyba \u017ce d\u0142u\u017cszy okres przechowywania jest wymagany lub dozwolony przez prawo. Gdy dane nie s\u0105 ju\u017c potrzebne, bezpiecznie je usuwamy lub anonimizujemy.<\/p>\n\n\n\n<h3 class=\"wp-block-heading\">9. Prywatno\u015b\u0107 Dzieci<\/h3>\n\n\n\n<p>Nasza strona nie jest przeznaczona dla dzieci poni\u017cej 13. roku \u017cycia i nie gromadzimy \u015bwiadomie danych osobowych od os\u00f3b niepe\u0142noletnich.<\/p>\n\n\n\n<h3 class=\"wp-block-heading\">10. Polityka Plik\u00f3w Cookie<\/h3>\n\n\n\n<p>Aby ulepszy\u0107 Twoje do\u015bwiadczenie w przegl\u0105daniu i dostarcza\u0107 spersonalizowane tre\u015bci, u\u017cywamy plik\u00f3w cookie oraz podobnych technologii \u015bledz\u0105cych. Cookie pomagaj\u0105 nam zapami\u0119ta\u0107 Twoje preferencje, analizowa\u0107 ruch na stronie i mierzy\u0107 skuteczno\u015b\u0107 link\u00f3w afiliacyjnych i dzia\u0142a\u0144 marketingowych.<\/p>\n\n\n\n<p>Korzystaj\u0105c z naszej strony, wyra\u017casz zgod\u0119 na umieszczanie tych plik\u00f3w cookie na swoim urz\u0105dzeniu, chyba \u017ce wy\u0142\u0105czysz je w ustawieniach przegl\u0105darki. Pami\u0119taj, \u017ce wy\u0142\u0105czenie plik\u00f3w cookie mo\u017ce wp\u0142yn\u0105\u0107 na dzia\u0142anie niekt\u00f3rych funkcji na naszej stronie.<\/p>\n\n\n\n<h2 class=\"wp-block-heading\">Skontaktuj Si\u0119 z Nami<\/h2>\n\n\n\n<p>Masz pytania dotycz\u0105ce prywatno\u015bci lub tej polityki? Skontaktuj si\u0119 z nami, jeste\u015bmy tu, aby pom\u00f3c.<br><br><strong>E-mail:<\/strong><a href=\"mailto:info@couponvintage.com\" target=\"_blank\" rel=\"noreferrer noopener nofollow\">info@couponvintage.com<\/a><\/p>\n\n\n\n<p><\/p>\n","protected":false},"excerpt":{"rendered":"<p>Ostatnia Aktualizacja: 4 czerwca 2025 r W CouponVintage Twoja prywatno\u015b\u0107 jest naszym najwy\u017cszym priorytetem. Niniejsza Polityka Prywatno\u015bci opisuje, jakie rodzaje danych osobowych mo\u017cemy zbiera\u0107 oraz w jaki spos\u00f3b je wykorzystujemy, udost\u0119pniamy i chronimy. Korzystaj\u0105c z naszej strony internetowej, akceptujesz warunki okre\u015blone w tej polityce. 1. Jakie Dane Zbieramy Podczas interakcji z nasz\u0105 stron\u0105, czy to [&hellip;]<\/p>\n","protected":false},"author":1,"featured_media":0,"parent":0,"menu_order":11,"comment_status":"closed","ping_status":"closed","template":"","meta":{"_acf_changed":false,"footnotes":""},"class_list":["post-743","page","type-page","status-publish","hentry"],"acf":[],"yoast_head":"<!-- This site is optimized with the Yoast SEO plugin v27.4 - https:\/\/yoast.com\/product\/yoast-seo-wordpress\/ -->\n<title>Polityka prywatno\u015bci | Kupony, oferty i promocje<\/title>\n<meta name=\"description\" content=\"Dowiedz si\u0119, jak chronimy Twoje dane, odkrywaj\u0105c najlepsze kupony, kody promocyjne, oferty, recenzje i blogi, kt\u00f3re pomog\u0105 Ci oszcz\u0119dza\u0107 m\u0105drze.\" \/>\n<meta name=\"robots\" content=\"index, follow, max-snippet:-1, max-image-preview:large, max-video-preview:-1\" \/>\n<link rel=\"canonical\" href=\"https:\/\/couponvintage.com\/pl\/polityka-prywatnosci\/\" \/>\n<meta property=\"og:locale\" content=\"en_US\" \/>\n<meta property=\"og:type\" content=\"article\" \/>\n<meta property=\"og:title\" content=\"Polityka prywatno\u015bci | Kupony, oferty i promocje\" \/>\n<meta property=\"og:description\" content=\"Dowiedz si\u0119, jak chronimy Twoje dane, odkrywaj\u0105c najlepsze kupony, kody promocyjne, oferty, recenzje i blogi, kt\u00f3re pomog\u0105 Ci oszcz\u0119dza\u0107 m\u0105drze.\" \/>\n<meta property=\"og:url\" content=\"https:\/\/couponvintage.com\/pl\/polityka-prywatnosci\/\" \/>\n<meta property=\"og:site_name\" content=\"couponvintage.com\" \/>\n<meta property=\"article:modified_time\" content=\"2025-06-03T23:23:01+00:00\" \/>\n<meta name=\"twitter:card\" content=\"summary_large_image\" \/>\n<meta name=\"twitter:label1\" content=\"Est. reading time\" \/>\n\t<meta name=\"twitter:data1\" content=\"3 minutes\" \/>\n<script type=\"application\/ld+json\" class=\"yoast-schema-graph\">{\"@context\":\"https:\\\/\\\/schema.org\",\"@graph\":[{\"@type\":\"WebPage\",\"@id\":\"https:\\\/\\\/couponvintage.com\\\/pl\\\/polityka-prywatnosci\\\/\",\"url\":\"https:\\\/\\\/couponvintage.com\\\/pl\\\/polityka-prywatnosci\\\/\",\"name\":\"Polityka prywatno\u015bci | Kupony, oferty i promocje\",\"isPartOf\":{\"@id\":\"https:\\\/\\\/couponvintage.com\\\/pl\\\/#website\"},\"datePublished\":\"2024-06-25T08:10:14+00:00\",\"dateModified\":\"2025-06-03T23:23:01+00:00\",\"description\":\"Dowiedz si\u0119, jak chronimy Twoje dane, odkrywaj\u0105c najlepsze kupony, kody promocyjne, oferty, recenzje i blogi, kt\u00f3re pomog\u0105 Ci oszcz\u0119dza\u0107 m\u0105drze.\",\"breadcrumb\":{\"@id\":\"https:\\\/\\\/couponvintage.com\\\/pl\\\/polityka-prywatnosci\\\/#breadcrumb\"},\"inLanguage\":\"en-US\",\"potentialAction\":[{\"@type\":\"ReadAction\",\"target\":[\"https:\\\/\\\/couponvintage.com\\\/pl\\\/polityka-prywatnosci\\\/\"]}]},{\"@type\":\"BreadcrumbList\",\"@id\":\"https:\\\/\\\/couponvintage.com\\\/pl\\\/polityka-prywatnosci\\\/#breadcrumb\",\"itemListElement\":[{\"@type\":\"ListItem\",\"position\":1,\"name\":\"Home\",\"item\":\"https:\\\/\\\/couponvintage.com\\\/pl\\\/\"},{\"@type\":\"ListItem\",\"position\":2,\"name\":\"Polityka prywatno\u015bci\"}]},{\"@type\":\"WebSite\",\"@id\":\"https:\\\/\\\/couponvintage.com\\\/pl\\\/#website\",\"url\":\"https:\\\/\\\/couponvintage.com\\\/pl\\\/\",\"name\":\"couponvintage.com\",\"description\":\"\",\"publisher\":{\"@id\":\"https:\\\/\\\/couponvintage.com\\\/pl\\\/#organization\"},\"potentialAction\":[{\"@type\":\"SearchAction\",\"target\":{\"@type\":\"EntryPoint\",\"urlTemplate\":\"https:\\\/\\\/couponvintage.com\\\/pl\\\/?s={search_term_string}\"},\"query-input\":{\"@type\":\"PropertyValueSpecification\",\"valueRequired\":true,\"valueName\":\"search_term_string\"}}],\"inLanguage\":\"en-US\"},{\"@type\":\"Organization\",\"@id\":\"https:\\\/\\\/couponvintage.com\\\/pl\\\/#organization\",\"name\":\"couponvintage.com\",\"url\":\"https:\\\/\\\/couponvintage.com\\\/pl\\\/\",\"logo\":{\"@type\":\"ImageObject\",\"inLanguage\":\"en-US\",\"@id\":\"https:\\\/\\\/couponvintage.com\\\/pl\\\/#\\\/schema\\\/logo\\\/image\\\/\",\"url\":\"https:\\\/\\\/couponvintage.com\\\/pl\\\/wp-content\\\/uploads\\\/2025\\\/05\\\/40px-logo.png\",\"contentUrl\":\"https:\\\/\\\/couponvintage.com\\\/pl\\\/wp-content\\\/uploads\\\/2025\\\/05\\\/40px-logo.png\",\"width\":252,\"height\":133,\"caption\":\"couponvintage.com\"},\"image\":{\"@id\":\"https:\\\/\\\/couponvintage.com\\\/pl\\\/#\\\/schema\\\/logo\\\/image\\\/\"}}]}<\/script>\n<!-- \/ Yoast SEO plugin. -->","yoast_head_json":{"title":"Polityka prywatno\u015bci | Kupony, oferty i promocje","description":"Dowiedz si\u0119, jak chronimy Twoje dane, odkrywaj\u0105c najlepsze kupony, kody promocyjne, oferty, recenzje i blogi, kt\u00f3re pomog\u0105 Ci oszcz\u0119dza\u0107 m\u0105drze.","robots":{"index":"index","follow":"follow","max-snippet":"max-snippet:-1","max-image-preview":"max-image-preview:large","max-video-preview":"max-video-preview:-1"},"canonical":"https:\/\/couponvintage.com\/pl\/polityka-prywatnosci\/","og_locale":"en_US","og_type":"article","og_title":"Polityka prywatno\u015bci | Kupony, oferty i promocje","og_description":"Dowiedz si\u0119, jak chronimy Twoje dane, odkrywaj\u0105c najlepsze kupony, kody promocyjne, oferty, recenzje i blogi, kt\u00f3re pomog\u0105 Ci oszcz\u0119dza\u0107 m\u0105drze.","og_url":"https:\/\/couponvintage.com\/pl\/polityka-prywatnosci\/","og_site_name":"couponvintage.com","article_modified_time":"2025-06-03T23:23:01+00:00","twitter_card":"summary_large_image","twitter_misc":{"Est. reading time":"3 minutes"},"schema":{"@context":"https:\/\/schema.org","@graph":[{"@type":"WebPage","@id":"https:\/\/couponvintage.com\/pl\/polityka-prywatnosci\/","url":"https:\/\/couponvintage.com\/pl\/polityka-prywatnosci\/","name":"Polityka prywatno\u015bci | Kupony, oferty i promocje","isPartOf":{"@id":"https:\/\/couponvintage.com\/pl\/#website"},"datePublished":"2024-06-25T08:10:14+00:00","dateModified":"2025-06-03T23:23:01+00:00","description":"Dowiedz si\u0119, jak chronimy Twoje dane, odkrywaj\u0105c najlepsze kupony, kody promocyjne, oferty, recenzje i blogi, kt\u00f3re pomog\u0105 Ci oszcz\u0119dza\u0107 m\u0105drze.","breadcrumb":{"@id":"https:\/\/couponvintage.com\/pl\/polityka-prywatnosci\/#breadcrumb"},"inLanguage":"en-US","potentialAction":[{"@type":"ReadAction","target":["https:\/\/couponvintage.com\/pl\/polityka-prywatnosci\/"]}]},{"@type":"BreadcrumbList","@id":"https:\/\/couponvintage.com\/pl\/polityka-prywatnosci\/#breadcrumb","itemListElement":[{"@type":"ListItem","position":1,"name":"Home","item":"https:\/\/couponvintage.com\/pl\/"},{"@type":"ListItem","position":2,"name":"Polityka prywatno\u015bci"}]},{"@type":"WebSite","@id":"https:\/\/couponvintage.com\/pl\/#website","url":"https:\/\/couponvintage.com\/pl\/","name":"couponvintage.com","description":"","publisher":{"@id":"https:\/\/couponvintage.com\/pl\/#organization"},"potentialAction":[{"@type":"SearchAction","target":{"@type":"EntryPoint","urlTemplate":"https:\/\/couponvintage.com\/pl\/?s={search_term_string}"},"query-input":{"@type":"PropertyValueSpecification","valueRequired":true,"valueName":"search_term_string"}}],"inLanguage":"en-US"},{"@type":"Organization","@id":"https:\/\/couponvintage.com\/pl\/#organization","name":"couponvintage.com","url":"https:\/\/couponvintage.com\/pl\/","logo":{"@type":"ImageObject","inLanguage":"en-US","@id":"https:\/\/couponvintage.com\/pl\/#\/schema\/logo\/image\/","url":"https:\/\/couponvintage.com\/pl\/wp-content\/uploads\/2025\/05\/40px-logo.png","contentUrl":"https:\/\/couponvintage.com\/pl\/wp-content\/uploads\/2025\/05\/40px-logo.png","width":252,"height":133,"caption":"couponvintage.com"},"image":{"@id":"https:\/\/couponvintage.com\/pl\/#\/schema\/logo\/image\/"}}]}},"_links":{"self":[{"href":"https:\/\/couponvintage.com\/pl\/wp-json\/wp\/v2\/pages\/743","targetHints":{"allow":["GET"]}}],"collection":[{"href":"https:\/\/couponvintage.com\/pl\/wp-json\/wp\/v2\/pages"}],"about":[{"href":"https:\/\/couponvintage.com\/pl\/wp-json\/wp\/v2\/types\/page"}],"author":[{"embeddable":true,"href":"https:\/\/couponvintage.com\/pl\/wp-json\/wp\/v2\/users\/1"}],"replies":[{"embeddable":true,"href":"https:\/\/couponvintage.com\/pl\/wp-json\/wp\/v2\/comments?post=743"}],"version-history":[{"count":9,"href":"https:\/\/couponvintage.com\/pl\/wp-json\/wp\/v2\/pages\/743\/revisions"}],"predecessor-version":[{"id":4964,"href":"https:\/\/couponvintage.com\/pl\/wp-json\/wp\/v2\/pages\/743\/revisions\/4964"}],"wp:attachment":[{"href":"https:\/\/couponvintage.com\/pl\/wp-json\/wp\/v2\/media?parent=743"}],"curies":[{"name":"wp","href":"https:\/\/api.w.org\/{rel}","templated":true}]}}